{"id":1312,"date":"2018-03-21T12:40:38","date_gmt":"2018-03-21T10:40:38","guid":{"rendered":"http:\/\/www.stahleckerhof.de\/?page_id=1312"},"modified":"2026-01-22T18:48:30","modified_gmt":"2026-01-22T16:48:30","slug":"stornobedingungen","status":"publish","type":"page","link":"https:\/\/www.stahleckerhof.de\/en\/stornobedingungen\/","title":{"rendered":"Cancellation terms"},"content":{"rendered":"<p> Individual rooms can be cancelled free of charge up to 14 days before the date of the event, up to 8 days before the date 50% of the accommodation price is due, thereafter 80% of the accommodation price.<\/p>\n<p>In case of no-show without notification 100% of the total invoice amount will be due.<br \/>\nIf the rooms can be rented to another party, the respective cancellation fee will be waived.<\/p>\n<p> Cancellation of group reservations up to 30 days before the date is free of charge, up to 20 days before the date 50% of the accommodation price is due, thereafter 80% of the accommodation price.<\/p>\n<p>In case of no-show without notification 100% of the total invoice amount will be due.<br \/>\nIf individual or all rooms can be rented out to another party, the corresponding cancellation fee will be waived.<\/p>","protected":false},"excerpt":{"rendered":"<p>Individual rooms can be cancelled free of charge up to 14 days before the date of the event, up to 8 days before the date 50% of the accommodation price is due, thereafter 80% of the accommodation price. In case of no-show without notification 100% of the total invoice amount will be due. If the [&hellip;]<\/p>\n","protected":false},"author":1,"featured_media":0,"parent":0,"menu_order":0,"comment_status":"closed","ping_status":"closed","template":"","meta":{"footnotes":""},"class_list":["post-1312","page","type-page","status-publish","hentry"],"yoast_head":"<!-- This site is optimized with the Yoast SEO plugin v26.6 - https:\/\/yoast.com\/wordpress\/plugins\/seo\/ -->\n<title>Stahlecker Hof - Der schw\u00e4bische Landgasthof - Stornobedigungen<\/title>\n<meta name=\"description\" content=\"Landgasthof Stahlecker Hof auf der Schw\u00e4bischen Alb - Hier finden Sie unsere Stornobedingungen f\u00fcr \u00dcbernachtungen.\" \/>\n<meta name=\"robots\" content=\"index, follow, max-snippet:-1, max-image-preview:large, max-video-preview:-1\" \/>\n<link rel=\"canonical\" href=\"https:\/\/www.stahleckerhof.de\/stornobedingungen\/\" \/>\n<meta property=\"og:locale\" content=\"en_US\" \/>\n<meta property=\"og:type\" content=\"article\" \/>\n<meta property=\"og:title\" content=\"Stahlecker Hof - Der schw\u00e4bische Landgasthof - Stornobedigungen\" \/>\n<meta property=\"og:description\" content=\"Landgasthof Stahlecker Hof auf der Schw\u00e4bischen Alb - Hier finden Sie unsere Stornobedingungen f\u00fcr \u00dcbernachtungen.\" \/>\n<meta property=\"og:url\" content=\"https:\/\/www.stahleckerhof.de\/stornobedingungen\/\" \/>\n<meta property=\"article:modified_time\" content=\"2026-01-22T16:48:30+00:00\" \/>\n<meta name=\"twitter:card\" content=\"summary_large_image\" \/>\n<meta name=\"twitter:label1\" content=\"Est. reading time\" \/>\n\t<meta name=\"twitter:data1\" content=\"2 minutes\" \/>\n<script type=\"application\/ld+json\" class=\"yoast-schema-graph\">{\"@context\":\"https:\/\/schema.org\",\"@graph\":[{\"@type\":\"WebPage\",\"@id\":\"https:\/\/www.stahleckerhof.de\/stornobedingungen\/\",\"url\":\"https:\/\/www.stahleckerhof.de\/stornobedingungen\/\",\"name\":\"Stahlecker Hof - Der schw\u00e4bische Landgasthof - Stornobedigungen\",\"isPartOf\":{\"@id\":\"https:\/\/www.stahleckerhof.de\/#website\"},\"datePublished\":\"2018-03-21T10:40:38+00:00\",\"dateModified\":\"2026-01-22T16:48:30+00:00\",\"description\":\"Landgasthof Stahlecker Hof auf der Schw\u00e4bischen Alb - Hier finden Sie unsere Stornobedingungen f\u00fcr \u00dcbernachtungen.\",\"breadcrumb\":{\"@id\":\"https:\/\/www.stahleckerhof.de\/stornobedingungen\/#breadcrumb\"},\"inLanguage\":\"en-US\",\"potentialAction\":[{\"@type\":\"ReadAction\",\"target\":[\"https:\/\/www.stahleckerhof.de\/stornobedingungen\/\"]}]},{\"@type\":\"BreadcrumbList\",\"@id\":\"https:\/\/www.stahleckerhof.de\/stornobedingungen\/#breadcrumb\",\"itemListElement\":[{\"@type\":\"ListItem\",\"position\":1,\"name\":\"Home\",\"item\":\"https:\/\/www.stahleckerhof.de\/\"},{\"@type\":\"ListItem\",\"position\":2,\"name\":\"Stornobedingungen\"}]},{\"@type\":\"WebSite\",\"@id\":\"https:\/\/www.stahleckerhof.de\/#website\",\"url\":\"https:\/\/www.stahleckerhof.de\/\",\"name\":\"\",\"description\":\"\",\"potentialAction\":[{\"@type\":\"SearchAction\",\"target\":{\"@type\":\"EntryPoint\",\"urlTemplate\":\"https:\/\/www.stahleckerhof.de\/?s={search_term_string}\"},\"query-input\":{\"@type\":\"PropertyValueSpecification\",\"valueRequired\":true,\"valueName\":\"search_term_string\"}}],\"inLanguage\":\"en-US\"}]}<\/script>\n<!-- \/ Yoast SEO plugin. -->","yoast_head_json":{"title":"Stahlecker Hof - Der schw\u00e4bische Landgasthof - Stornobedigungen","description":"Landgasthof Stahlecker Hof auf der Schw\u00e4bischen Alb - Hier finden Sie unsere Stornobedingungen f\u00fcr \u00dcbernachtungen.","robots":{"index":"index","follow":"follow","max-snippet":"max-snippet:-1","max-image-preview":"max-image-preview:large","max-video-preview":"max-video-preview:-1"},"canonical":"https:\/\/www.stahleckerhof.de\/stornobedingungen\/","og_locale":"en_US","og_type":"article","og_title":"Stahlecker Hof - Der schw\u00e4bische Landgasthof - Stornobedigungen","og_description":"Landgasthof Stahlecker Hof auf der Schw\u00e4bischen Alb - Hier finden Sie unsere Stornobedingungen f\u00fcr \u00dcbernachtungen.","og_url":"https:\/\/www.stahleckerhof.de\/stornobedingungen\/","article_modified_time":"2026-01-22T16:48:30+00:00","twitter_card":"summary_large_image","twitter_misc":{"Est. reading time":"2 minutes"},"schema":{"@context":"https:\/\/schema.org","@graph":[{"@type":"WebPage","@id":"https:\/\/www.stahleckerhof.de\/stornobedingungen\/","url":"https:\/\/www.stahleckerhof.de\/stornobedingungen\/","name":"Stahlecker Hof - Der schw\u00e4bische Landgasthof - Stornobedigungen","isPartOf":{"@id":"https:\/\/www.stahleckerhof.de\/#website"},"datePublished":"2018-03-21T10:40:38+00:00","dateModified":"2026-01-22T16:48:30+00:00","description":"Landgasthof Stahlecker Hof auf der Schw\u00e4bischen Alb - Hier finden Sie unsere Stornobedingungen f\u00fcr \u00dcbernachtungen.","breadcrumb":{"@id":"https:\/\/www.stahleckerhof.de\/stornobedingungen\/#breadcrumb"},"inLanguage":"en-US","potentialAction":[{"@type":"ReadAction","target":["https:\/\/www.stahleckerhof.de\/stornobedingungen\/"]}]},{"@type":"BreadcrumbList","@id":"https:\/\/www.stahleckerhof.de\/stornobedingungen\/#breadcrumb","itemListElement":[{"@type":"ListItem","position":1,"name":"Home","item":"https:\/\/www.stahleckerhof.de\/"},{"@type":"ListItem","position":2,"name":"Stornobedingungen"}]},{"@type":"WebSite","@id":"https:\/\/www.stahleckerhof.de\/#website","url":"https:\/\/www.stahleckerhof.de\/","name":"","description":"","potentialAction":[{"@type":"SearchAction","target":{"@type":"EntryPoint","urlTemplate":"https:\/\/www.stahleckerhof.de\/?s={search_term_string}"},"query-input":{"@type":"PropertyValueSpecification","valueRequired":true,"valueName":"search_term_string"}}],"inLanguage":"en-US"}]}},"_links":{"self":[{"href":"https:\/\/www.stahleckerhof.de\/en\/wp-json\/wp\/v2\/pages\/1312","targetHints":{"allow":["GET"]}}],"collection":[{"href":"https:\/\/www.stahleckerhof.de\/en\/wp-json\/wp\/v2\/pages"}],"about":[{"href":"https:\/\/www.stahleckerhof.de\/en\/wp-json\/wp\/v2\/types\/page"}],"author":[{"embeddable":true,"href":"https:\/\/www.stahleckerhof.de\/en\/wp-json\/wp\/v2\/users\/1"}],"replies":[{"embeddable":true,"href":"https:\/\/www.stahleckerhof.de\/en\/wp-json\/wp\/v2\/comments?post=1312"}],"version-history":[{"count":2,"href":"https:\/\/www.stahleckerhof.de\/en\/wp-json\/wp\/v2\/pages\/1312\/revisions"}],"predecessor-version":[{"id":3887,"href":"https:\/\/www.stahleckerhof.de\/en\/wp-json\/wp\/v2\/pages\/1312\/revisions\/3887"}],"wp:attachment":[{"href":"https:\/\/www.stahleckerhof.de\/en\/wp-json\/wp\/v2\/media?parent=1312"}],"curies":[{"name":"wp","href":"https:\/\/api.w.org\/{rel}","templated":true}]}}