{"id":1521,"date":"2019-01-16T19:07:47","date_gmt":"2019-01-16T17:07:47","guid":{"rendered":"https:\/\/www.stahleckerhof.de\/?page_id=1521"},"modified":"2026-01-29T16:50:58","modified_gmt":"2026-01-29T14:50:58","slug":"gaestezimmer-uebernachtungen","status":"publish","type":"page","link":"https:\/\/www.stahleckerhof.de\/en\/gaestezimmer-uebernachtungen\/","title":{"rendered":"Hotel"},"content":{"rendered":"<div  class=\"lgc-column lgc-grid-parent lgc-grid-70 lgc-tablet-grid-70 lgc-mobile-grid-100 lgc-equal-heights \"><div  class=\"inside-grid-column\">\n<p style=\"padding-right: 15px; line-height: 1.25em;\">Whether you are a hiker, on a business trip or simply would like to stay a little longer:<br \/>\nWe have a capacity of 5 single rooms, 6 double-bed rooms, and 2 twin-bed rooms, some of which can be used as a room for three persons as well. All rooms are equipped with private bathrooms, free Wi-Fi and TV. Some rooms are equipped with a balcony.<\/p>\n<p>The beds in the single rooms and the twin rooms have a comfortablewide range of 100 cm and are 200 cm long. The sleeping area in the double beds is 180 cm x 200 cm.Some of the double or twin rooms can also be used as triple rooms.<\/p>\n<h2 class=\"speisekarte\">Prices (without breakfast):<\/h2>\n<ul>\n<li>Single rooms starting from 55.- \u20ac\/day<\/li>\n<li>Double \/ Twin: from 95.- \u20ac\/day<\/li>\n<li>Three beds: from 139.50 \u20ac\/day<\/li>\n<li>Additional bed: 22.- \u20ac\/day<\/li>\n<li>Additional baby bed: 10.- \u20ac\/day<\/li>\n<li>\u00a0<\/li>\n<li>Children under the age of 10 who sleep in their parents&#8217; bed stay for free.<br \/>\nAll prices incl. taxes and without breakfast<\/li>\n<\/ul>\n<p style=\"padding-right: 15px; line-height: 1.25em;\">For breakfast we are allowed to charge p. guest 11.- \u20ac\/day. Children up to 10 years have breakfast for free. Dogs are allowed and welcome and stay overnight with us for only 10.- \u20ac\/day and dog.<br \/>\n\u00a0<br \/>\n\u00a0<br \/>\n<\/p><\/div><\/div> <div  class=\"lgc-column lgc-grid-parent lgc-grid-30 lgc-tablet-grid-30 lgc-mobile-grid-100 lgc-equal-heights \"><div  class=\"inside-grid-column\">\n<p>&nbsp;<\/p>\n<div align=\"center\"><a title=\"Jetzt online Ihr Zimmer reservieren\" href=\"https:\/\/www.stahleckerhof.de\/en\/gaestezimmer-online-buchen\/\" target=\"_blank\" rel=\"noopener noreferrer\"><img loading=\"lazy\" decoding=\"async\" class=\"aligncenter wp-image-1885 size-full\" src=\"https:\/\/www.stahleckerhof.de\/wordpress\/wp-content\/uploads\/2020\/01\/online-reservieren_en.jpg\" alt=\"\" width=\"150\" height=\"180\" \/><\/a><\/div>\n<div align=\"center\">\n\n\t\t<style type=\"text\/css\">\n\t\t\t#gallery-4 {\n\t\t\t\tmargin: auto;\n\t\t\t}\n\t\t\t#gallery-4 .gallery-item {\n\t\t\t\tfloat: left;\n\t\t\t\tmargin-top: 10px;\n\t\t\t\ttext-align: center;\n\t\t\t\twidth: 50%;\n\t\t\t}\n\t\t\t#gallery-4 img {\n\t\t\t\tborder: 2px solid #cfcfcf;\n\t\t\t}\n\t\t\t#gallery-4 .gallery-caption {\n\t\t\t\tmargin-left: 0;\n\t\t\t}\n\t\t\t\/* see gallery_shortcode() in wp-includes\/media.php *\/\n\t\t<\/style>\n\t\t<div id='gallery-4' class='gallery galleryid-1521 gallery-columns-2 gallery-size-thumbnail'><dl class='gallery-item'>\n\t\t\t<dt class='gallery-icon portrait'>\n\t\t\t\t<a href='https:\/\/www.stahleckerhof.de\/wordpress\/wp-content\/uploads\/2014\/05\/Gaestezimmer_Flur_Stahleckerhof.jpg' title=\"\" data-rl_title=\"\" class=\"rl-gallery-link\" data-rl_caption=\"\" data-rel=\"lightbox-gallery-4\"><img loading=\"lazy\" decoding=\"async\" width=\"150\" height=\"150\" src=\"https:\/\/www.stahleckerhof.de\/wordpress\/wp-content\/uploads\/2014\/05\/Gaestezimmer_Flur_Stahleckerhof-150x150.jpg\" class=\"attachment-thumbnail size-thumbnail\" alt=\"\" \/><\/a>\n\t\t\t<\/dt><\/dl><dl class='gallery-item'>\n\t\t\t<dt class='gallery-icon portrait'>\n\t\t\t\t<a href='https:\/\/www.stahleckerhof.de\/wordpress\/wp-content\/uploads\/2014\/05\/Gaeste_Bibliothek_Stahleckerhof.jpg' title=\"\" data-rl_title=\"\" class=\"rl-gallery-link\" data-rl_caption=\"\" data-rel=\"lightbox-gallery-4\"><img loading=\"lazy\" decoding=\"async\" width=\"150\" height=\"150\" src=\"https:\/\/www.stahleckerhof.de\/wordpress\/wp-content\/uploads\/2014\/05\/Gaeste_Bibliothek_Stahleckerhof-150x150.jpg\" class=\"attachment-thumbnail size-thumbnail\" alt=\"\" \/><\/a>\n\t\t\t<\/dt><\/dl><br style=\"clear: both\" \/><dl class='gallery-item'>\n\t\t\t<dt class='gallery-icon landscape'>\n\t\t\t\t<a href='https:\/\/www.stahleckerhof.de\/wordpress\/wp-content\/uploads\/2014\/05\/Einzelzimmer-Stahlecker-Hof.jpg' title=\"\" data-rl_title=\"\" class=\"rl-gallery-link\" data-rl_caption=\"\" data-rel=\"lightbox-gallery-4\"><img loading=\"lazy\" decoding=\"async\" width=\"150\" height=\"150\" src=\"https:\/\/www.stahleckerhof.de\/wordpress\/wp-content\/uploads\/2014\/05\/Einzelzimmer-Stahlecker-Hof-150x150.jpg\" class=\"attachment-thumbnail size-thumbnail\" alt=\"\" \/><\/a>\n\t\t\t<\/dt><\/dl><dl class='gallery-item'>\n\t\t\t<dt class='gallery-icon landscape'>\n\t\t\t\t<a href='https:\/\/www.stahleckerhof.de\/wordpress\/wp-content\/uploads\/2014\/05\/Modernes_Doppelzimmer_Stahleckerhof.jpg' title=\"\" data-rl_title=\"\" class=\"rl-gallery-link\" data-rl_caption=\"\" data-rel=\"lightbox-gallery-4\"><img loading=\"lazy\" decoding=\"async\" width=\"150\" height=\"150\" src=\"https:\/\/www.stahleckerhof.de\/wordpress\/wp-content\/uploads\/2014\/05\/Modernes_Doppelzimmer_Stahleckerhof-150x150.jpg\" class=\"attachment-thumbnail size-thumbnail\" alt=\"\" \/><\/a>\n\t\t\t<\/dt><\/dl><br style=\"clear: both\" \/><dl class='gallery-item'>\n\t\t\t<dt class='gallery-icon landscape'>\n\t\t\t\t<a href='https:\/\/www.stahleckerhof.de\/wordpress\/wp-content\/uploads\/2014\/05\/Arbeitsplatz_Doppelzimmer_Stahleckerhof.jpg' title=\"\" data-rl_title=\"\" class=\"rl-gallery-link\" data-rl_caption=\"\" data-rel=\"lightbox-gallery-4\"><img loading=\"lazy\" decoding=\"async\" width=\"150\" height=\"150\" src=\"https:\/\/www.stahleckerhof.de\/wordpress\/wp-content\/uploads\/2014\/05\/Arbeitsplatz_Doppelzimmer_Stahleckerhof-150x150.jpg\" class=\"attachment-thumbnail size-thumbnail\" alt=\"\" \/><\/a>\n\t\t\t<\/dt><\/dl><dl class='gallery-item'>\n\t\t\t<dt class='gallery-icon portrait'>\n\t\t\t\t<a href='https:\/\/www.stahleckerhof.de\/wordpress\/wp-content\/uploads\/2014\/05\/Arbeitsplatz_Einzelzimmer_Stahleckerhof.jpg' title=\"\" data-rl_title=\"\" class=\"rl-gallery-link\" data-rl_caption=\"\" data-rel=\"lightbox-gallery-4\"><img loading=\"lazy\" decoding=\"async\" width=\"150\" height=\"150\" src=\"https:\/\/www.stahleckerhof.de\/wordpress\/wp-content\/uploads\/2014\/05\/Arbeitsplatz_Einzelzimmer_Stahleckerhof-150x150.jpg\" class=\"attachment-thumbnail size-thumbnail\" alt=\"\" \/><\/a>\n\t\t\t<\/dt><\/dl><br style=\"clear: both\" \/><dl class='gallery-item'>\n\t\t\t<dt class='gallery-icon landscape'>\n\t\t\t\t<a href='https:\/\/www.stahleckerhof.de\/wordpress\/wp-content\/uploads\/2020\/06\/stahleckerhof_spielplatz_002.jpg' title=\"\" data-rl_title=\"\" class=\"rl-gallery-link\" data-rl_caption=\"\" data-rel=\"lightbox-gallery-4\"><img loading=\"lazy\" decoding=\"async\" width=\"150\" height=\"150\" src=\"https:\/\/www.stahleckerhof.de\/wordpress\/wp-content\/uploads\/2020\/06\/stahleckerhof_spielplatz_002-150x150.jpg\" class=\"attachment-thumbnail size-thumbnail\" alt=\"\" \/><\/a>\n\t\t\t<\/dt><\/dl><dl class='gallery-item'>\n\t\t\t<dt class='gallery-icon portrait'>\n\t\t\t\t<a href='https:\/\/www.stahleckerhof.de\/wordpress\/wp-content\/uploads\/2020\/06\/stahleckerhof_spielplatz_003.jpg' title=\"\" data-rl_title=\"\" class=\"rl-gallery-link\" data-rl_caption=\"\" data-rel=\"lightbox-gallery-4\"><img loading=\"lazy\" decoding=\"async\" width=\"150\" height=\"150\" src=\"https:\/\/www.stahleckerhof.de\/wordpress\/wp-content\/uploads\/2020\/06\/stahleckerhof_spielplatz_003-150x150.jpg\" class=\"attachment-thumbnail size-thumbnail\" alt=\"\" \/><\/a>\n\t\t\t<\/dt><\/dl><br style=\"clear: both\" \/>\n\t\t<\/div>\n\n<\/div>\n<p>&nbsp;<\/p>\n<\/div><\/div><div class=\"lgc-clear\"><\/div>\n<div  class=\"lgc-column lgc-grid-parent lgc-grid-70 lgc-tablet-grid-70 lgc-mobile-grid-100 lgc-equal-heights \"><div  class=\"inside-grid-column\">\n<p><span class=\"gaestehaus\">Guest House<\/span> We also have another, separate guest house, right next to our hotel. The guest house has a capacity of 3 twin-bed rooms and 2 single rooms with shared kitchen, common area, bathrooms and toilets. All rooms are equipped with free Wi-Fi and TV!<\/p>\n<ul>\n<li>Entire house: from 250.- \u20ac\/day<\/li>\n<li>Additional bed: 22.- \u20ac\/day<br \/>\nAll prices incl. taxes and without breakfast<\/li>\n<\/ul>\n<p>For breakfast we are allowed to charge p. guest 11.- \u20ac\/day. Children up to 10 years have breakfast for free. Dogs are allowed and welcome and stay overnight with us for only 10.- \u20ac\/day and dog.<\/p>\n<p><a title=\"Jetzt online Ihr Zimmer reservieren\" href=\"https:\/\/www.stahleckerhof.de\/en\/gaestezimmer-online-buchen\/\" target=\"_blank\" rel=\"noopener noreferrer\"><strong>Book your room online now <\/strong><\/a> or contact us under <strong>phone +49 7122-9427 or <a title=\"Anfrage an Stahlecker Hof senden\" href=\"mailto:info@stahleckerhof.de\" target=\"_blank\" rel=\"noopener noreferrer\">info@stahleckerhof.de<\/a>\u00a0<\/strong><\/p>\n<\/div><\/div>\n<div  class=\"lgc-column lgc-grid-parent lgc-grid-30 lgc-tablet-grid-30 lgc-mobile-grid-100 lgc-equal-heights \"><div  class=\"inside-grid-column\">\n<p><span class=\"gaestehaus\">Pictures guesthouse<\/span><\/p>\n\n\t\t<style type=\"text\/css\">\n\t\t\t#gallery-5 {\n\t\t\t\tmargin: auto;\n\t\t\t}\n\t\t\t#gallery-5 .gallery-item {\n\t\t\t\tfloat: left;\n\t\t\t\tmargin-top: 10px;\n\t\t\t\ttext-align: center;\n\t\t\t\twidth: 50%;\n\t\t\t}\n\t\t\t#gallery-5 img {\n\t\t\t\tborder: 2px solid #cfcfcf;\n\t\t\t}\n\t\t\t#gallery-5 .gallery-caption {\n\t\t\t\tmargin-left: 0;\n\t\t\t}\n\t\t\t\/* see gallery_shortcode() in wp-includes\/media.php *\/\n\t\t<\/style>\n\t\t<div id='gallery-5' class='gallery galleryid-1521 gallery-columns-2 gallery-size-thumbnail'><dl class='gallery-item'>\n\t\t\t<dt class='gallery-icon landscape'>\n\t\t\t\t<a href='https:\/\/www.stahleckerhof.de\/wordpress\/wp-content\/uploads\/2020\/03\/gaestehaus_dz_001.jpg' title=\"\" data-rl_title=\"\" class=\"rl-gallery-link\" data-rl_caption=\"\" data-rel=\"lightbox-gallery-5\"><img loading=\"lazy\" decoding=\"async\" width=\"150\" height=\"150\" src=\"https:\/\/www.stahleckerhof.de\/wordpress\/wp-content\/uploads\/2020\/03\/gaestehaus_dz_001-150x150.jpg\" class=\"attachment-thumbnail size-thumbnail\" alt=\"\" \/><\/a>\n\t\t\t<\/dt><\/dl><dl class='gallery-item'>\n\t\t\t<dt class='gallery-icon landscape'>\n\t\t\t\t<a href='https:\/\/www.stahleckerhof.de\/wordpress\/wp-content\/uploads\/2020\/03\/gaestehaus_zweibettzimmer_001.jpg' title=\"\" data-rl_title=\"\" class=\"rl-gallery-link\" data-rl_caption=\"\" data-rel=\"lightbox-gallery-5\"><img loading=\"lazy\" decoding=\"async\" width=\"150\" height=\"150\" src=\"https:\/\/www.stahleckerhof.de\/wordpress\/wp-content\/uploads\/2020\/03\/gaestehaus_zweibettzimmer_001-150x150.jpg\" class=\"attachment-thumbnail size-thumbnail\" alt=\"\" \/><\/a>\n\t\t\t<\/dt><\/dl><br style=\"clear: both\" \/><dl class='gallery-item'>\n\t\t\t<dt class='gallery-icon landscape'>\n\t\t\t\t<a href='https:\/\/www.stahleckerhof.de\/wordpress\/wp-content\/uploads\/2020\/03\/gaestehaus_esszimmer-001.jpg' title=\"\" data-rl_title=\"\" class=\"rl-gallery-link\" data-rl_caption=\"\" data-rel=\"lightbox-gallery-5\"><img loading=\"lazy\" decoding=\"async\" width=\"150\" height=\"150\" src=\"https:\/\/www.stahleckerhof.de\/wordpress\/wp-content\/uploads\/2020\/03\/gaestehaus_esszimmer-001-150x150.jpg\" class=\"attachment-thumbnail size-thumbnail\" alt=\"\" \/><\/a>\n\t\t\t<\/dt><\/dl><dl class='gallery-item'>\n\t\t\t<dt class='gallery-icon landscape'>\n\t\t\t\t<a href='https:\/\/www.stahleckerhof.de\/wordpress\/wp-content\/uploads\/2020\/03\/gaestehaus_esszimmer-002.jpg' title=\"\" data-rl_title=\"\" class=\"rl-gallery-link\" data-rl_caption=\"\" data-rel=\"lightbox-gallery-5\"><img loading=\"lazy\" decoding=\"async\" width=\"150\" height=\"150\" src=\"https:\/\/www.stahleckerhof.de\/wordpress\/wp-content\/uploads\/2020\/03\/gaestehaus_esszimmer-002-150x150.jpg\" class=\"attachment-thumbnail size-thumbnail\" alt=\"\" \/><\/a>\n\t\t\t<\/dt><\/dl><br style=\"clear: both\" \/><dl class='gallery-item'>\n\t\t\t<dt class='gallery-icon portrait'>\n\t\t\t\t<a href='https:\/\/www.stahleckerhof.de\/wordpress\/wp-content\/uploads\/2020\/03\/gaestehaus_bad_001.jpg' title=\"\" data-rl_title=\"\" class=\"rl-gallery-link\" data-rl_caption=\"\" data-rel=\"lightbox-gallery-5\"><img loading=\"lazy\" decoding=\"async\" width=\"150\" height=\"150\" src=\"https:\/\/www.stahleckerhof.de\/wordpress\/wp-content\/uploads\/2020\/03\/gaestehaus_bad_001-150x150.jpg\" class=\"attachment-thumbnail size-thumbnail\" alt=\"\" \/><\/a>\n\t\t\t<\/dt><\/dl><dl class='gallery-item'>\n\t\t\t<dt class='gallery-icon landscape'>\n\t\t\t\t<a href='https:\/\/www.stahleckerhof.de\/wordpress\/wp-content\/uploads\/2020\/03\/gaestehaus_ez_001.jpg' title=\"\" data-rl_title=\"\" class=\"rl-gallery-link\" data-rl_caption=\"\" data-rel=\"lightbox-gallery-5\"><img loading=\"lazy\" decoding=\"async\" width=\"150\" height=\"150\" src=\"https:\/\/www.stahleckerhof.de\/wordpress\/wp-content\/uploads\/2020\/03\/gaestehaus_ez_001-150x150.jpg\" class=\"attachment-thumbnail size-thumbnail\" alt=\"\" \/><\/a>\n\t\t\t<\/dt><\/dl><br style=\"clear: both\" \/>\n\t\t<\/div>\n\n<\/div><\/div><div class=\"lgc-clear\"><\/div>\n<hr \/>\n<div  class=\"lgc-column lgc-grid-parent lgc-grid-30 lgc-tablet-grid-30 lgc-mobile-grid-100 lgc-equal-heights \"><div  class=\"inside-grid-column\">\n<div align=\"center\">\n\n\t\t<style type=\"text\/css\">\n\t\t\t#gallery-6 {\n\t\t\t\tmargin: auto;\n\t\t\t}\n\t\t\t#gallery-6 .gallery-item {\n\t\t\t\tfloat: left;\n\t\t\t\tmargin-top: 10px;\n\t\t\t\ttext-align: center;\n\t\t\t\twidth: 50%;\n\t\t\t}\n\t\t\t#gallery-6 img {\n\t\t\t\tborder: 2px solid #cfcfcf;\n\t\t\t}\n\t\t\t#gallery-6 .gallery-caption {\n\t\t\t\tmargin-left: 0;\n\t\t\t}\n\t\t\t\/* see gallery_shortcode() in wp-includes\/media.php *\/\n\t\t<\/style>\n\t\t<div id='gallery-6' class='gallery galleryid-1521 gallery-columns-2 gallery-size-thumbnail'><dl class='gallery-item'>\n\t\t\t<dt class='gallery-icon landscape'>\n\t\t\t\t<a href='https:\/\/www.stahleckerhof.de\/wordpress\/wp-content\/uploads\/2014\/05\/stahleck_00.jpg' title=\"\" data-rl_title=\"\" class=\"rl-gallery-link\" data-rl_caption=\"\" data-rel=\"lightbox-gallery-6\"><img loading=\"lazy\" decoding=\"async\" width=\"150\" height=\"150\" src=\"https:\/\/www.stahleckerhof.de\/wordpress\/wp-content\/uploads\/2014\/05\/stahleck_00-150x150.jpg\" class=\"attachment-thumbnail size-thumbnail\" alt=\"\" \/><\/a>\n\t\t\t<\/dt><\/dl><dl class='gallery-item'>\n\t\t\t<dt class='gallery-icon landscape'>\n\t\t\t\t<a href='https:\/\/www.stahleckerhof.de\/wordpress\/wp-content\/uploads\/2014\/05\/urlaub_auf_stahleck_tal.jpg' title=\"\" data-rl_title=\"\" class=\"rl-gallery-link\" data-rl_caption=\"\" data-rel=\"lightbox-gallery-6\"><img loading=\"lazy\" decoding=\"async\" width=\"150\" height=\"150\" src=\"https:\/\/www.stahleckerhof.de\/wordpress\/wp-content\/uploads\/2014\/05\/urlaub_auf_stahleck_tal-150x150.jpg\" class=\"attachment-thumbnail size-thumbnail\" alt=\"\" \/><\/a>\n\t\t\t<\/dt><\/dl><br style=\"clear: both\" \/><dl class='gallery-item'>\n\t\t\t<dt class='gallery-icon landscape'>\n\t\t\t\t<a href='https:\/\/www.stahleckerhof.de\/wordpress\/wp-content\/uploads\/2014\/05\/urlaub_auf_stahleck_uracher_wasserfall.jpg' title=\"\" data-rl_title=\"\" class=\"rl-gallery-link\" data-rl_caption=\"\" data-rel=\"lightbox-gallery-6\"><img loading=\"lazy\" decoding=\"async\" width=\"150\" height=\"150\" src=\"https:\/\/www.stahleckerhof.de\/wordpress\/wp-content\/uploads\/2014\/05\/urlaub_auf_stahleck_uracher_wasserfall-150x150.jpg\" class=\"attachment-thumbnail size-thumbnail\" alt=\"\" \/><\/a>\n\t\t\t<\/dt><\/dl><dl class='gallery-item'>\n\t\t\t<dt class='gallery-icon landscape'>\n\t\t\t\t<a href='https:\/\/www.stahleckerhof.de\/wordpress\/wp-content\/uploads\/2014\/05\/stahleck-wanderwege-hinweis.jpg' title=\"\" data-rl_title=\"\" class=\"rl-gallery-link\" data-rl_caption=\"\" data-rel=\"lightbox-gallery-6\"><img loading=\"lazy\" decoding=\"async\" width=\"150\" height=\"150\" src=\"https:\/\/www.stahleckerhof.de\/wordpress\/wp-content\/uploads\/2014\/05\/stahleck-wanderwege-hinweis-150x150.jpg\" class=\"attachment-thumbnail size-thumbnail\" alt=\"\" \/><\/a>\n\t\t\t<\/dt><\/dl><br style=\"clear: both\" \/>\n\t\t<\/div>\n\n<\/div>\n<\/div><\/div>\n<div  class=\"lgc-column lgc-grid-parent lgc-grid-70 lgc-tablet-grid-70 lgc-mobile-grid-100 lgc-equal-heights \"><div  class=\"inside-grid-column\">\n<h2 class=\"speisekarte\" style=\"padding-left: 15px;\">Your vacation:<\/h2>\n<p style=\"padding-left: 15px; line-height: 1.25em;\">The area surrounding Stahleck can be described as the heart of the Swabian Alb. There are many ways to spend your time and to discover the area, whether you are staying just a couple of days, or for several weeks. Whether it is hiking, swimming or biking, visiting museums, castles or caves \u2013 there is something for everyone.<br \/>\n\u00a0<br \/>\n<a href=\"https:\/\/www.stahleckerhof.de\/ausflugsziele-schwaebische-alb\/\"><strong>Here you can find links to activities and sights in the area<\/strong><\/a>.<\/p>\n<\/div><\/div><div class=\"lgc-clear\"><\/div>\n<p>&nbsp;<\/p>\n<p>&nbsp;<\/p>\n<\/p>","protected":false},"excerpt":{"rendered":"<p>&nbsp; &nbsp;<\/p>\n","protected":false},"author":1,"featured_media":0,"parent":0,"menu_order":0,"comment_status":"closed","ping_status":"closed","template":"","meta":{"footnotes":""},"class_list":["post-1521","page","type-page","status-publish","hentry"],"yoast_head":"<!-- This site is optimized with the Yoast SEO plugin v26.6 - https:\/\/yoast.com\/wordpress\/plugins\/seo\/ -->\n<title>Moderne G\u00e4stezimmer - ideal zum \u00dcbernachten auf der Schw\u00e4bischen Alb<\/title>\n<meta name=\"description\" content=\"Moderne G\u00e4stezimmer | Wie bieten Ihnen verschiedene G\u00e4stzimmer f\u00fcr erholsame \u00dcbernachtungen auf der Schw\u00e4bischen Alb. Ideal f\u00fcr Wanderer und Erholungsuchende\" \/>\n<meta name=\"robots\" content=\"index, follow, max-snippet:-1, max-image-preview:large, max-video-preview:-1\" \/>\n<link rel=\"canonical\" href=\"https:\/\/www.stahleckerhof.de\/gaestezimmer-uebernachtungen\/\" \/>\n<meta property=\"og:locale\" content=\"en_US\" \/>\n<meta property=\"og:type\" content=\"article\" \/>\n<meta property=\"og:title\" content=\"Moderne G\u00e4stezimmer - ideal zum \u00dcbernachten auf der Schw\u00e4bischen Alb\" \/>\n<meta property=\"og:description\" content=\"Moderne G\u00e4stezimmer | Wie bieten Ihnen verschiedene G\u00e4stzimmer f\u00fcr erholsame \u00dcbernachtungen auf der Schw\u00e4bischen Alb. Ideal f\u00fcr Wanderer und Erholungsuchende\" \/>\n<meta property=\"og:url\" content=\"https:\/\/www.stahleckerhof.de\/gaestezimmer-uebernachtungen\/\" \/>\n<meta property=\"article:modified_time\" content=\"2026-01-29T14:50:58+00:00\" \/>\n<meta property=\"og:image\" content=\"https:\/\/www.stahleckerhof.de\/wordpress\/wp-content\/uploads\/2018\/03\/online-reservieren3.jpg\" \/>\n<meta name=\"twitter:card\" content=\"summary_large_image\" \/>\n<meta name=\"twitter:label1\" content=\"Est. reading time\" \/>\n\t<meta name=\"twitter:data1\" content=\"6 minutes\" \/>\n<script type=\"application\/ld+json\" class=\"yoast-schema-graph\">{\"@context\":\"https:\/\/schema.org\",\"@graph\":[{\"@type\":\"WebPage\",\"@id\":\"https:\/\/www.stahleckerhof.de\/gaestezimmer-uebernachtungen\/\",\"url\":\"https:\/\/www.stahleckerhof.de\/gaestezimmer-uebernachtungen\/\",\"name\":\"Moderne G\u00e4stezimmer - ideal zum \u00dcbernachten auf der Schw\u00e4bischen Alb\",\"isPartOf\":{\"@id\":\"https:\/\/www.stahleckerhof.de\/#website\"},\"primaryImageOfPage\":{\"@id\":\"https:\/\/www.stahleckerhof.de\/gaestezimmer-uebernachtungen\/#primaryimage\"},\"image\":{\"@id\":\"https:\/\/www.stahleckerhof.de\/gaestezimmer-uebernachtungen\/#primaryimage\"},\"thumbnailUrl\":\"https:\/\/www.stahleckerhof.de\/wordpress\/wp-content\/uploads\/2018\/03\/online-reservieren3.jpg\",\"datePublished\":\"2019-01-16T17:07:47+00:00\",\"dateModified\":\"2026-01-29T14:50:58+00:00\",\"description\":\"Moderne G\u00e4stezimmer | Wie bieten Ihnen verschiedene G\u00e4stzimmer f\u00fcr erholsame \u00dcbernachtungen auf der Schw\u00e4bischen Alb. Ideal f\u00fcr Wanderer und Erholungsuchende\",\"breadcrumb\":{\"@id\":\"https:\/\/www.stahleckerhof.de\/gaestezimmer-uebernachtungen\/#breadcrumb\"},\"inLanguage\":\"en-US\",\"potentialAction\":[{\"@type\":\"ReadAction\",\"target\":[\"https:\/\/www.stahleckerhof.de\/gaestezimmer-uebernachtungen\/\"]}]},{\"@type\":\"ImageObject\",\"inLanguage\":\"en-US\",\"@id\":\"https:\/\/www.stahleckerhof.de\/gaestezimmer-uebernachtungen\/#primaryimage\",\"url\":\"https:\/\/www.stahleckerhof.de\/wordpress\/wp-content\/uploads\/2018\/03\/online-reservieren3.jpg\",\"contentUrl\":\"https:\/\/www.stahleckerhof.de\/wordpress\/wp-content\/uploads\/2018\/03\/online-reservieren3.jpg\"},{\"@type\":\"BreadcrumbList\",\"@id\":\"https:\/\/www.stahleckerhof.de\/gaestezimmer-uebernachtungen\/#breadcrumb\",\"itemListElement\":[{\"@type\":\"ListItem\",\"position\":1,\"name\":\"Home\",\"item\":\"https:\/\/www.stahleckerhof.de\/\"},{\"@type\":\"ListItem\",\"position\":2,\"name\":\"G\u00e4stezimmer &#038; \u00dcbernachtungen\"}]},{\"@type\":\"WebSite\",\"@id\":\"https:\/\/www.stahleckerhof.de\/#website\",\"url\":\"https:\/\/www.stahleckerhof.de\/\",\"name\":\"\",\"description\":\"\",\"potentialAction\":[{\"@type\":\"SearchAction\",\"target\":{\"@type\":\"EntryPoint\",\"urlTemplate\":\"https:\/\/www.stahleckerhof.de\/?s={search_term_string}\"},\"query-input\":{\"@type\":\"PropertyValueSpecification\",\"valueRequired\":true,\"valueName\":\"search_term_string\"}}],\"inLanguage\":\"en-US\"}]}<\/script>\n<!-- \/ Yoast SEO plugin. -->","yoast_head_json":{"title":"Moderne G\u00e4stezimmer - ideal zum \u00dcbernachten auf der Schw\u00e4bischen Alb","description":"Moderne G\u00e4stezimmer | Wie bieten Ihnen verschiedene G\u00e4stzimmer f\u00fcr erholsame \u00dcbernachtungen auf der Schw\u00e4bischen Alb. Ideal f\u00fcr Wanderer und Erholungsuchende","robots":{"index":"index","follow":"follow","max-snippet":"max-snippet:-1","max-image-preview":"max-image-preview:large","max-video-preview":"max-video-preview:-1"},"canonical":"https:\/\/www.stahleckerhof.de\/gaestezimmer-uebernachtungen\/","og_locale":"en_US","og_type":"article","og_title":"Moderne G\u00e4stezimmer - ideal zum \u00dcbernachten auf der Schw\u00e4bischen Alb","og_description":"Moderne G\u00e4stezimmer | Wie bieten Ihnen verschiedene G\u00e4stzimmer f\u00fcr erholsame \u00dcbernachtungen auf der Schw\u00e4bischen Alb. Ideal f\u00fcr Wanderer und Erholungsuchende","og_url":"https:\/\/www.stahleckerhof.de\/gaestezimmer-uebernachtungen\/","article_modified_time":"2026-01-29T14:50:58+00:00","og_image":[{"url":"https:\/\/www.stahleckerhof.de\/wordpress\/wp-content\/uploads\/2018\/03\/online-reservieren3.jpg","type":"","width":"","height":""}],"twitter_card":"summary_large_image","twitter_misc":{"Est. reading time":"6 minutes"},"schema":{"@context":"https:\/\/schema.org","@graph":[{"@type":"WebPage","@id":"https:\/\/www.stahleckerhof.de\/gaestezimmer-uebernachtungen\/","url":"https:\/\/www.stahleckerhof.de\/gaestezimmer-uebernachtungen\/","name":"Moderne G\u00e4stezimmer - ideal zum \u00dcbernachten auf der Schw\u00e4bischen Alb","isPartOf":{"@id":"https:\/\/www.stahleckerhof.de\/#website"},"primaryImageOfPage":{"@id":"https:\/\/www.stahleckerhof.de\/gaestezimmer-uebernachtungen\/#primaryimage"},"image":{"@id":"https:\/\/www.stahleckerhof.de\/gaestezimmer-uebernachtungen\/#primaryimage"},"thumbnailUrl":"https:\/\/www.stahleckerhof.de\/wordpress\/wp-content\/uploads\/2018\/03\/online-reservieren3.jpg","datePublished":"2019-01-16T17:07:47+00:00","dateModified":"2026-01-29T14:50:58+00:00","description":"Moderne G\u00e4stezimmer | Wie bieten Ihnen verschiedene G\u00e4stzimmer f\u00fcr erholsame \u00dcbernachtungen auf der Schw\u00e4bischen Alb. Ideal f\u00fcr Wanderer und Erholungsuchende","breadcrumb":{"@id":"https:\/\/www.stahleckerhof.de\/gaestezimmer-uebernachtungen\/#breadcrumb"},"inLanguage":"en-US","potentialAction":[{"@type":"ReadAction","target":["https:\/\/www.stahleckerhof.de\/gaestezimmer-uebernachtungen\/"]}]},{"@type":"ImageObject","inLanguage":"en-US","@id":"https:\/\/www.stahleckerhof.de\/gaestezimmer-uebernachtungen\/#primaryimage","url":"https:\/\/www.stahleckerhof.de\/wordpress\/wp-content\/uploads\/2018\/03\/online-reservieren3.jpg","contentUrl":"https:\/\/www.stahleckerhof.de\/wordpress\/wp-content\/uploads\/2018\/03\/online-reservieren3.jpg"},{"@type":"BreadcrumbList","@id":"https:\/\/www.stahleckerhof.de\/gaestezimmer-uebernachtungen\/#breadcrumb","itemListElement":[{"@type":"ListItem","position":1,"name":"Home","item":"https:\/\/www.stahleckerhof.de\/"},{"@type":"ListItem","position":2,"name":"G\u00e4stezimmer &#038; \u00dcbernachtungen"}]},{"@type":"WebSite","@id":"https:\/\/www.stahleckerhof.de\/#website","url":"https:\/\/www.stahleckerhof.de\/","name":"","description":"","potentialAction":[{"@type":"SearchAction","target":{"@type":"EntryPoint","urlTemplate":"https:\/\/www.stahleckerhof.de\/?s={search_term_string}"},"query-input":{"@type":"PropertyValueSpecification","valueRequired":true,"valueName":"search_term_string"}}],"inLanguage":"en-US"}]}},"_links":{"self":[{"href":"https:\/\/www.stahleckerhof.de\/en\/wp-json\/wp\/v2\/pages\/1521","targetHints":{"allow":["GET"]}}],"collection":[{"href":"https:\/\/www.stahleckerhof.de\/en\/wp-json\/wp\/v2\/pages"}],"about":[{"href":"https:\/\/www.stahleckerhof.de\/en\/wp-json\/wp\/v2\/types\/page"}],"author":[{"embeddable":true,"href":"https:\/\/www.stahleckerhof.de\/en\/wp-json\/wp\/v2\/users\/1"}],"replies":[{"embeddable":true,"href":"https:\/\/www.stahleckerhof.de\/en\/wp-json\/wp\/v2\/comments?post=1521"}],"version-history":[{"count":8,"href":"https:\/\/www.stahleckerhof.de\/en\/wp-json\/wp\/v2\/pages\/1521\/revisions"}],"predecessor-version":[{"id":3912,"href":"https:\/\/www.stahleckerhof.de\/en\/wp-json\/wp\/v2\/pages\/1521\/revisions\/3912"}],"wp:attachment":[{"href":"https:\/\/www.stahleckerhof.de\/en\/wp-json\/wp\/v2\/media?parent=1521"}],"curies":[{"name":"wp","href":"https:\/\/api.w.org\/{rel}","templated":true}]}}