{"id":2510,"date":"2020-08-11T14:50:17","date_gmt":"2020-08-11T12:50:17","guid":{"rendered":"https:\/\/www.stahleckerhof.de\/?page_id=2510"},"modified":"2020-09-17T15:49:50","modified_gmt":"2020-09-17T13:49:50","slug":"gaestezimmer-online-buchen","status":"publish","type":"page","link":"https:\/\/www.stahleckerhof.de\/en\/gaestezimmer-online-buchen\/","title":{"rendered":"Book a guest room online"},"content":{"rendered":"\r\n<!-- Loading Viato CBE bookingFrame -->\r\n<script src=\"https:\/\/booking.viatocrs.de\/cbe\/viato-cbe.js?pr=l5usrD6jpPLT\"><\/script>\r\n\r\n<!-- Viato CBE bookingFrame -->\r\n<div id=\"viatoCbe\" data-lng=\"en\"><\/div>\r\n<br \/>","protected":false},"excerpt":{"rendered":"","protected":false},"author":1,"featured_media":0,"parent":0,"menu_order":0,"comment_status":"closed","ping_status":"closed","template":"","meta":{"footnotes":""},"class_list":["post-2510","page","type-page","status-publish","hentry"],"yoast_head":"<!-- This site is optimized with the Yoast SEO plugin v26.6 - https:\/\/yoast.com\/wordpress\/plugins\/seo\/ -->\n<title>G\u00e4stezimmer | Online Verf\u00fcgbarkeit pr\u00fcfen und buchen<\/title>\n<meta name=\"description\" content=\"Stahlecker Hof | Unsere G\u00e4stezimmer k\u00f6nnen Sie jetzt noch einfacher online buchen. Einfach auf der Schw\u00e4bischen Alb zu \u00fcbernachten\" \/>\n<meta name=\"robots\" content=\"index, follow, max-snippet:-1, max-image-preview:large, max-video-preview:-1\" \/>\n<link rel=\"canonical\" href=\"https:\/\/www.stahleckerhof.de\/gaestezimmer-online-buchen\/\" \/>\n<meta property=\"og:locale\" content=\"en_US\" \/>\n<meta property=\"og:type\" content=\"article\" \/>\n<meta property=\"og:title\" content=\"[:de]G\u00e4stezimmer | Online Verf\u00fcgbarkeit pr\u00fcfen und buchen[:]\" \/>\n<meta property=\"og:description\" content=\"{:de}Stahlecker Hof | Unsere G\u00e4stezimmer k\u00f6nnen Sie jetzt noch einfacher online buchen. Einfach auf der Schw\u00e4bischen Alb zu \u00fcbernachten{:}\" \/>\n<meta property=\"og:url\" content=\"https:\/\/www.stahleckerhof.de\/gaestezimmer-online-buchen\/\" \/>\n<meta property=\"article:modified_time\" content=\"2020-09-17T13:49:50+00:00\" \/>\n<meta name=\"twitter:card\" content=\"summary_large_image\" \/>\n<script type=\"application\/ld+json\" class=\"yoast-schema-graph\">{\"@context\":\"https:\/\/schema.org\",\"@graph\":[{\"@type\":\"WebPage\",\"@id\":\"https:\/\/www.stahleckerhof.de\/gaestezimmer-online-buchen\/\",\"url\":\"https:\/\/www.stahleckerhof.de\/gaestezimmer-online-buchen\/\",\"name\":\"[:de]G\u00e4stezimmer | Online Verf\u00fcgbarkeit pr\u00fcfen und buchen[:]\",\"isPartOf\":{\"@id\":\"https:\/\/www.stahleckerhof.de\/#website\"},\"datePublished\":\"2020-08-11T12:50:17+00:00\",\"dateModified\":\"2020-09-17T13:49:50+00:00\",\"description\":\"{:de}Stahlecker Hof | Unsere G\u00e4stezimmer k\u00f6nnen Sie jetzt noch einfacher online buchen. Einfach auf der Schw\u00e4bischen Alb zu \u00fcbernachten{:}\",\"breadcrumb\":{\"@id\":\"https:\/\/www.stahleckerhof.de\/gaestezimmer-online-buchen\/#breadcrumb\"},\"inLanguage\":\"en-US\",\"potentialAction\":[{\"@type\":\"ReadAction\",\"target\":[\"https:\/\/www.stahleckerhof.de\/gaestezimmer-online-buchen\/\"]}]},{\"@type\":\"BreadcrumbList\",\"@id\":\"https:\/\/www.stahleckerhof.de\/gaestezimmer-online-buchen\/#breadcrumb\",\"itemListElement\":[{\"@type\":\"ListItem\",\"position\":1,\"name\":\"Home\",\"item\":\"https:\/\/www.stahleckerhof.de\/\"},{\"@type\":\"ListItem\",\"position\":2,\"name\":\"G\u00e4stezimmer online buchen\"}]},{\"@type\":\"WebSite\",\"@id\":\"https:\/\/www.stahleckerhof.de\/#website\",\"url\":\"https:\/\/www.stahleckerhof.de\/\",\"name\":\"\",\"description\":\"\",\"potentialAction\":[{\"@type\":\"SearchAction\",\"target\":{\"@type\":\"EntryPoint\",\"urlTemplate\":\"https:\/\/www.stahleckerhof.de\/?s={search_term_string}\"},\"query-input\":{\"@type\":\"PropertyValueSpecification\",\"valueRequired\":true,\"valueName\":\"search_term_string\"}}],\"inLanguage\":\"en-US\"}]}<\/script>\n<!-- \/ Yoast SEO plugin. -->","yoast_head_json":{"title":"G\u00e4stezimmer | Online Verf\u00fcgbarkeit pr\u00fcfen und buchen","description":"Stahlecker Hof | Unsere G\u00e4stezimmer k\u00f6nnen Sie jetzt noch einfacher online buchen. Einfach auf der Schw\u00e4bischen Alb zu \u00fcbernachten","robots":{"index":"index","follow":"follow","max-snippet":"max-snippet:-1","max-image-preview":"max-image-preview:large","max-video-preview":"max-video-preview:-1"},"canonical":"https:\/\/www.stahleckerhof.de\/gaestezimmer-online-buchen\/","og_locale":"en_US","og_type":"article","og_title":"[:de]G\u00e4stezimmer | Online Verf\u00fcgbarkeit pr\u00fcfen und buchen[:]","og_description":"{:de}Stahlecker Hof | Unsere G\u00e4stezimmer k\u00f6nnen Sie jetzt noch einfacher online buchen. Einfach auf der Schw\u00e4bischen Alb zu \u00fcbernachten{:}","og_url":"https:\/\/www.stahleckerhof.de\/gaestezimmer-online-buchen\/","article_modified_time":"2020-09-17T13:49:50+00:00","twitter_card":"summary_large_image","schema":{"@context":"https:\/\/schema.org","@graph":[{"@type":"WebPage","@id":"https:\/\/www.stahleckerhof.de\/gaestezimmer-online-buchen\/","url":"https:\/\/www.stahleckerhof.de\/gaestezimmer-online-buchen\/","name":"[:de]G\u00e4stezimmer | Online Verf\u00fcgbarkeit pr\u00fcfen und buchen[:]","isPartOf":{"@id":"https:\/\/www.stahleckerhof.de\/#website"},"datePublished":"2020-08-11T12:50:17+00:00","dateModified":"2020-09-17T13:49:50+00:00","description":"{:de}Stahlecker Hof | Unsere G\u00e4stezimmer k\u00f6nnen Sie jetzt noch einfacher online buchen. Einfach auf der Schw\u00e4bischen Alb zu \u00fcbernachten{:}","breadcrumb":{"@id":"https:\/\/www.stahleckerhof.de\/gaestezimmer-online-buchen\/#breadcrumb"},"inLanguage":"en-US","potentialAction":[{"@type":"ReadAction","target":["https:\/\/www.stahleckerhof.de\/gaestezimmer-online-buchen\/"]}]},{"@type":"BreadcrumbList","@id":"https:\/\/www.stahleckerhof.de\/gaestezimmer-online-buchen\/#breadcrumb","itemListElement":[{"@type":"ListItem","position":1,"name":"Home","item":"https:\/\/www.stahleckerhof.de\/"},{"@type":"ListItem","position":2,"name":"G\u00e4stezimmer online buchen"}]},{"@type":"WebSite","@id":"https:\/\/www.stahleckerhof.de\/#website","url":"https:\/\/www.stahleckerhof.de\/","name":"","description":"","potentialAction":[{"@type":"SearchAction","target":{"@type":"EntryPoint","urlTemplate":"https:\/\/www.stahleckerhof.de\/?s={search_term_string}"},"query-input":{"@type":"PropertyValueSpecification","valueRequired":true,"valueName":"search_term_string"}}],"inLanguage":"en-US"}]}},"_links":{"self":[{"href":"https:\/\/www.stahleckerhof.de\/en\/wp-json\/wp\/v2\/pages\/2510","targetHints":{"allow":["GET"]}}],"collection":[{"href":"https:\/\/www.stahleckerhof.de\/en\/wp-json\/wp\/v2\/pages"}],"about":[{"href":"https:\/\/www.stahleckerhof.de\/en\/wp-json\/wp\/v2\/types\/page"}],"author":[{"embeddable":true,"href":"https:\/\/www.stahleckerhof.de\/en\/wp-json\/wp\/v2\/users\/1"}],"replies":[{"embeddable":true,"href":"https:\/\/www.stahleckerhof.de\/en\/wp-json\/wp\/v2\/comments?post=2510"}],"version-history":[{"count":0,"href":"https:\/\/www.stahleckerhof.de\/en\/wp-json\/wp\/v2\/pages\/2510\/revisions"}],"wp:attachment":[{"href":"https:\/\/www.stahleckerhof.de\/en\/wp-json\/wp\/v2\/media?parent=2510"}],"curies":[{"name":"wp","href":"https:\/\/api.w.org\/{rel}","templated":true}]}}