{"id":293,"date":"2014-05-14T18:49:55","date_gmt":"2014-05-14T16:49:55","guid":{"rendered":"http:\/\/www.stahleckerhof.de\/?page_id=293"},"modified":"2020-01-23T10:16:43","modified_gmt":"2020-01-23T08:16:43","slug":"sitemap","status":"publish","type":"page","link":"https:\/\/www.stahleckerhof.de\/en\/sitemap\/","title":{"rendered":"Sitemap"},"content":{"rendered":"Websites directory Stahlecker Hof<br \/>\n <div id=\"simple-sitemap-container-69f441ef48930\" class=\"simple-sitemap-container simple-sitemap-container-69f441ef48930 tab-disabled\"><div class=\"simple-sitemap-wrap\"><h3 class=\"post-type\">Pages<\/h3><ul class=\"simple-sitemap-page main\"><li class=\"sitemap-item page_item page-item-637\"><a href=\"https:\/\/www.stahleckerhof.de\/en\/360-panoramabild-stahlecker-hof\/\">360 panoramic view of Stahleck<\/a><\/li>\n<li class=\"sitemap-item page_item page-item-1130\"><a href=\"https:\/\/www.stahleckerhof.de\/en\/360-panoramabild-der-grillhuette\/\">360\u00b0 panorama picture of the grill hut<\/a><\/li>\n<li class=\"sitemap-item page_item page-item-681\"><a href=\"https:\/\/www.stahleckerhof.de\/en\/360-panoramabild-terrasse\/\">360\u00b0 Panoramic picture of the terrace<\/a><\/li>\n<li class=\"sitemap-item page_item page-item-667\"><a href=\"https:\/\/www.stahleckerhof.de\/en\/360-panoramabild-gastraum\/\">360\u00b0 Panoramic picture of the guest room<\/a><\/li>\n<li class=\"sitemap-item page_item page-item-674\"><a href=\"https:\/\/www.stahleckerhof.de\/en\/360-panoramabild-nebenzimmer\/\">360\u00b0 Panoramic view of the adjoing room<\/a><\/li>\n<li class=\"sitemap-item page_item page-item-1162\"><a href=\"https:\/\/www.stahleckerhof.de\/en\/360-panoramabild-studio\/\">360\u00b0 Panorama picture double room \/ studio<\/a><\/li>\n<li class=\"sitemap-item page_item page-item-678\"><a href=\"https:\/\/www.stahleckerhof.de\/en\/360-panoramabild-gaestezimmer\/\">360\u00b0 Panorama picture double room<\/a><\/li>\n<li class=\"sitemap-item page_item page-item-1158\"><a href=\"https:\/\/www.stahleckerhof.de\/en\/360-panoramabild-einzelzimmer\/\">360\u00b0 Panorama picture single room<\/a><\/li>\n<li class=\"sitemap-item page_item page-item-1301\"><a href=\"https:\/\/www.stahleckerhof.de\/en\/agb\/\">General Terms and Conditions<\/a><\/li>\n<li class=\"sitemap-item page_item page-item-297\"><a href=\"https:\/\/www.stahleckerhof.de\/en\/ausflugsziele-schwaebische-alb\/\">Excursion destinations and leisure tips on the Swabian Alb<\/a><\/li>\n<li class=\"sitemap-item page_item page-item-1306\"><a href=\"https:\/\/www.stahleckerhof.de\/en\/datenschutz\/\">Privacy policy<\/a><\/li>\n<li class=\"sitemap-item page_item page-item-2408\"><a href=\"https:\/\/www.stahleckerhof.de\/en\/schmankerl_gutschein\/\">Der Schmankerl Gutschein<\/a><\/li>\n<li class=\"sitemap-item page_item page-item-276\"><a href=\"https:\/\/www.stahleckerhof.de\/en\/\">A delight on the Swabian Alb<\/a><\/li>\n<li class=\"sitemap-item page_item page-item-2\"><a href=\"https:\/\/www.stahleckerhof.de\/en\/regionale-kueche-geniessen\/\">Eat, drink, and enjoy<\/a><\/li>\n<li class=\"sitemap-item page_item page-item-312\"><a href=\"https:\/\/www.stahleckerhof.de\/en\/feiern-tagen\/\">Events and Conferences<\/a><\/li>\n<li class=\"sitemap-item page_item page-item-1521\"><a href=\"https:\/\/www.stahleckerhof.de\/en\/gaestezimmer-uebernachtungen\/\">Hotel<\/a><\/li>\n<li class=\"sitemap-item page_item page-item-2510\"><a href=\"https:\/\/www.stahleckerhof.de\/en\/gaestezimmer-online-buchen\/\">Book a guest room online<\/a><\/li>\n<li class=\"sitemap-item page_item page-item-928\"><a href=\"https:\/\/www.stahleckerhof.de\/en\/grillhuette\/\">Barbecue with friends in any weather<\/a><\/li>\n<li class=\"sitemap-item page_item page-item-383\"><a href=\"https:\/\/www.stahleckerhof.de\/en\/hinkommen\/\">Income<\/a><\/li>\n<li class=\"sitemap-item page_item page-item-291\"><a href=\"https:\/\/www.stahleckerhof.de\/en\/impressum\/\">Imprint<\/a><\/li>\n<li class=\"sitemap-item page_item page-item-3924\"><a href=\"https:\/\/www.stahleckerhof.de\/en\/jobs-im-stahlecker-hof\/\">Employees wanted - Jobs at Stahleck<\/a><\/li>\n<li class=\"sitemap-item page_item page-item-295\"><a href=\"https:\/\/www.stahleckerhof.de\/en\/kontakt\/\">Contact<\/a><\/li>\n<li class=\"sitemap-item page_item page-item-985\"><a href=\"https:\/\/www.stahleckerhof.de\/en\/oeffnungszeiten\/\">Kitchen opening hours<\/a><\/li>\n<li class=\"sitemap-item page_item page-item-3734\"><a href=\"https:\/\/www.stahleckerhof.de\/en\/bewerben\/\">Online bewerben<\/a><\/li>\n<li class=\"sitemap-item page_item page-item-1312\"><a href=\"https:\/\/www.stahleckerhof.de\/en\/stornobedingungen\/\">Cancellation terms<\/a><\/li>\n<li class=\"sitemap-item page_item page-item-2240\"><a href=\"https:\/\/www.stahleckerhof.de\/en\/vielen-dank\/\">Many Thanks<\/a><\/li>\n<li class=\"sitemap-item page_item page-item-3765\"><a href=\"https:\/\/www.stahleckerhof.de\/en\/vielen-dank-bewerbung\/\">Many Thanks<\/a><\/li>\n<li class=\"sitemap-item page_item page-item-2093\"><a href=\"https:\/\/www.stahleckerhof.de\/en\/ausgezeichnet\/\">Wir sind ausgezeichnet<\/a><\/li>\n<li class=\"sitemap-item page_item page-item-335\"><a href=\"https:\/\/www.stahleckerhof.de\/en\/rund-ums-stahleck\/\">Rund ums Stahleck<\/a><\/li>\n<li class=\"sitemap-item page_item page-item-293\"><a href=\"https:\/\/www.stahleckerhof.de\/en\/sitemap\/\">Sitemap<\/a><\/li>\n<li class=\"sitemap-item page_item page-item-11\"><a href=\"https:\/\/www.stahleckerhof.de\/en\/stahlecker-hof\/\">Stahlecker Hof<\/a><\/li>\n<li class=\"sitemap-item page_item page-item-642\"><a href=\"https:\/\/www.stahleckerhof.de\/en\/stahlecker-hof-panorambild\/\">Unser Gastraum in einen 360&deg; Panoramabild<\/a><\/li>\n<\/ul><\/div><\/div><br style=\"clear: both;\">","protected":false},"excerpt":{"rendered":"<p>Websites directory Stahlecker Hof<\/p>\n","protected":false},"author":1,"featured_media":0,"parent":0,"menu_order":0,"comment_status":"closed","ping_status":"closed","template":"","meta":{"footnotes":""},"class_list":["post-293","page","type-page","status-publish","hentry"],"yoast_head":"<!-- This site is optimized with the Yoast SEO plugin v26.6 - https:\/\/yoast.com\/wordpress\/plugins\/seo\/ -->\n<title>Sitemap der Webseite des Stahlecker Hof in G\u00e4chingen<\/title>\n<meta name=\"description\" content=\"Eine Auflistung aller aktiven Webseiten der Domain Stahleckerhof.de. Dient zur besseren \u00dcbersicht \u00fcber den Webinhalt.\" \/>\n<meta name=\"robots\" content=\"index, follow, max-snippet:-1, max-image-preview:large, max-video-preview:-1\" \/>\n<link rel=\"canonical\" href=\"https:\/\/www.stahleckerhof.de\/sitemap\/\" \/>\n<meta property=\"og:locale\" content=\"en_US\" \/>\n<meta property=\"og:type\" content=\"article\" \/>\n<meta property=\"og:title\" content=\"Sitemap der Webseite des Stahlecker Hof in G\u00e4chingen\" \/>\n<meta property=\"og:description\" content=\"Eine Auflistung aller aktiven Webseiten der Domain Stahleckerhof.de. Dient zur besseren \u00dcbersicht \u00fcber den Webinhalt.\" \/>\n<meta property=\"og:url\" content=\"https:\/\/www.stahleckerhof.de\/sitemap\/\" \/>\n<meta property=\"article:modified_time\" content=\"2020-01-23T08:16:43+00:00\" \/>\n<meta name=\"twitter:card\" content=\"summary_large_image\" \/>\n<script type=\"application\/ld+json\" class=\"yoast-schema-graph\">{\"@context\":\"https:\/\/schema.org\",\"@graph\":[{\"@type\":\"WebPage\",\"@id\":\"https:\/\/www.stahleckerhof.de\/sitemap\/\",\"url\":\"https:\/\/www.stahleckerhof.de\/sitemap\/\",\"name\":\"Sitemap der Webseite des Stahlecker Hof in G\u00e4chingen\",\"isPartOf\":{\"@id\":\"https:\/\/www.stahleckerhof.de\/#website\"},\"datePublished\":\"2014-05-14T16:49:55+00:00\",\"dateModified\":\"2020-01-23T08:16:43+00:00\",\"description\":\"Eine Auflistung aller aktiven Webseiten der Domain Stahleckerhof.de. Dient zur besseren \u00dcbersicht \u00fcber den Webinhalt.\",\"breadcrumb\":{\"@id\":\"https:\/\/www.stahleckerhof.de\/sitemap\/#breadcrumb\"},\"inLanguage\":\"en-US\",\"potentialAction\":[{\"@type\":\"ReadAction\",\"target\":[\"https:\/\/www.stahleckerhof.de\/sitemap\/\"]}]},{\"@type\":\"BreadcrumbList\",\"@id\":\"https:\/\/www.stahleckerhof.de\/sitemap\/#breadcrumb\",\"itemListElement\":[{\"@type\":\"ListItem\",\"position\":1,\"name\":\"Home\",\"item\":\"https:\/\/www.stahleckerhof.de\/\"},{\"@type\":\"ListItem\",\"position\":2,\"name\":\"Sitemap\"}]},{\"@type\":\"WebSite\",\"@id\":\"https:\/\/www.stahleckerhof.de\/#website\",\"url\":\"https:\/\/www.stahleckerhof.de\/\",\"name\":\"\",\"description\":\"\",\"potentialAction\":[{\"@type\":\"SearchAction\",\"target\":{\"@type\":\"EntryPoint\",\"urlTemplate\":\"https:\/\/www.stahleckerhof.de\/?s={search_term_string}\"},\"query-input\":{\"@type\":\"PropertyValueSpecification\",\"valueRequired\":true,\"valueName\":\"search_term_string\"}}],\"inLanguage\":\"en-US\"}]}<\/script>\n<!-- \/ Yoast SEO plugin. -->","yoast_head_json":{"title":"Sitemap der Webseite des Stahlecker Hof in G\u00e4chingen","description":"Eine Auflistung aller aktiven Webseiten der Domain Stahleckerhof.de. Dient zur besseren \u00dcbersicht \u00fcber den Webinhalt.","robots":{"index":"index","follow":"follow","max-snippet":"max-snippet:-1","max-image-preview":"max-image-preview:large","max-video-preview":"max-video-preview:-1"},"canonical":"https:\/\/www.stahleckerhof.de\/sitemap\/","og_locale":"en_US","og_type":"article","og_title":"Sitemap der Webseite des Stahlecker Hof in G\u00e4chingen","og_description":"Eine Auflistung aller aktiven Webseiten der Domain Stahleckerhof.de. Dient zur besseren \u00dcbersicht \u00fcber den Webinhalt.","og_url":"https:\/\/www.stahleckerhof.de\/sitemap\/","article_modified_time":"2020-01-23T08:16:43+00:00","twitter_card":"summary_large_image","schema":{"@context":"https:\/\/schema.org","@graph":[{"@type":"WebPage","@id":"https:\/\/www.stahleckerhof.de\/sitemap\/","url":"https:\/\/www.stahleckerhof.de\/sitemap\/","name":"Sitemap der Webseite des Stahlecker Hof in G\u00e4chingen","isPartOf":{"@id":"https:\/\/www.stahleckerhof.de\/#website"},"datePublished":"2014-05-14T16:49:55+00:00","dateModified":"2020-01-23T08:16:43+00:00","description":"Eine Auflistung aller aktiven Webseiten der Domain Stahleckerhof.de. Dient zur besseren \u00dcbersicht \u00fcber den Webinhalt.","breadcrumb":{"@id":"https:\/\/www.stahleckerhof.de\/sitemap\/#breadcrumb"},"inLanguage":"en-US","potentialAction":[{"@type":"ReadAction","target":["https:\/\/www.stahleckerhof.de\/sitemap\/"]}]},{"@type":"BreadcrumbList","@id":"https:\/\/www.stahleckerhof.de\/sitemap\/#breadcrumb","itemListElement":[{"@type":"ListItem","position":1,"name":"Home","item":"https:\/\/www.stahleckerhof.de\/"},{"@type":"ListItem","position":2,"name":"Sitemap"}]},{"@type":"WebSite","@id":"https:\/\/www.stahleckerhof.de\/#website","url":"https:\/\/www.stahleckerhof.de\/","name":"","description":"","potentialAction":[{"@type":"SearchAction","target":{"@type":"EntryPoint","urlTemplate":"https:\/\/www.stahleckerhof.de\/?s={search_term_string}"},"query-input":{"@type":"PropertyValueSpecification","valueRequired":true,"valueName":"search_term_string"}}],"inLanguage":"en-US"}]}},"_links":{"self":[{"href":"https:\/\/www.stahleckerhof.de\/en\/wp-json\/wp\/v2\/pages\/293","targetHints":{"allow":["GET"]}}],"collection":[{"href":"https:\/\/www.stahleckerhof.de\/en\/wp-json\/wp\/v2\/pages"}],"about":[{"href":"https:\/\/www.stahleckerhof.de\/en\/wp-json\/wp\/v2\/types\/page"}],"author":[{"embeddable":true,"href":"https:\/\/www.stahleckerhof.de\/en\/wp-json\/wp\/v2\/users\/1"}],"replies":[{"embeddable":true,"href":"https:\/\/www.stahleckerhof.de\/en\/wp-json\/wp\/v2\/comments?post=293"}],"version-history":[{"count":0,"href":"https:\/\/www.stahleckerhof.de\/en\/wp-json\/wp\/v2\/pages\/293\/revisions"}],"wp:attachment":[{"href":"https:\/\/www.stahleckerhof.de\/en\/wp-json\/wp\/v2\/media?parent=293"}],"curies":[{"name":"wp","href":"https:\/\/api.w.org\/{rel}","templated":true}]}}