{"id":297,"date":"2014-05-14T18:55:23","date_gmt":"2014-05-14T16:55:23","guid":{"rendered":"http:\/\/www.stahleckerhof.de\/?page_id=297"},"modified":"2020-01-31T13:13:16","modified_gmt":"2020-01-31T11:13:16","slug":"ausflugsziele-schwaebische-alb","status":"publish","type":"page","link":"https:\/\/www.stahleckerhof.de\/en\/ausflugsziele-schwaebische-alb\/","title":{"rendered":"Excursion destinations and leisure tips on the Swabian Alb"},"content":{"rendered":"<div style=\"clear:both; padding-right:25px;\">\n<p><strong>Excursion destinations, hiking tips and links around the Swabian Alb<\/strong>. <\/p>\n<h2>Hiking in and around the Swabian Alb<\/h2>\n<ul>\n<li><a title=\"Hiking planner\" href=\"https:\/\/www.mythos-schwaebische-alb.de\/karte\/\" target=\"_blank\" rel=\"noopener noreferrer\">Interactive hiking map Myth Swabian Alb<\/a> &#8211; Experience the Middle Swabian Alb on foot or by bike. Go on a voyage of discovery.<\/li>\n<li><a title=\"Schw\u00e4bischer Albverein\" href=\"https:\/\/www.albverein.net\" target=\"_blank\" rel=\"noopener noreferrer\">Schw\u00e4bischer Albverein<\/a> &#8211; Information and hiking tips directly from the &#8220;Schw\u00e4bischer Albverein&#8221;<\/li>\n<li><a title=\"Hiking tips Bad Urach\" href=\"https:\/\/www.badurach-tourismus.de\/Wandern\/\" target=\"_blank\" rel=\"noopener noreferrer\">45 circular hiking trails around Stahleck and Bad Urach<\/a> &#8211; Of course, sometimes it&#8217;s hard to choose. That&#8217;s why we have put together some of our most beautiful tours for you here.<\/li>\n<li><a title=\"Hiking APP\" href=\"https:\/\/www.badurach-tourismus.de\/Wandern\/Kostenlose-Apps-fuer-iPhone-und-Android\" target=\"_blank\" rel=\"noopener noreferrer\">The HikingAPP<\/a> &#8211; Nature and technology come together in the Bad Urach app. The electronic hiking guide contains 40 varied tours.<\/li>\n<\/ul>\n<h2>Baths in the surroundings<\/h2>\n<ul>\n<li><a title=\"Alb thermal bath Bad Urach \" href=\"https:\/\/www.albthermen.de\/\" target=\"_blank\" rel=\"noopener noreferrer\">Alb thermal bath Bad Urach<\/a> &#8211; here you will find peace and relaxation in one of the most beautiful and traditional spas in Europe.<\/li>\n<li><a title=\"Panorama spa in Beuren\" href=\"https:\/\/www.panorama-therme.de\/\" target=\"_blank\" rel=\"noopener noreferrer\">Panorama spa in Beuren<\/a> &#8211; the health oasis is one of the most beautiful thermal baths in southern Germany.<\/li>\n<li><a title=\"H\u00f6henfreibad Bad Urach\" href=\"https:\/\/www.badurach-tourismus.de\/Media\/Attraktionen\/Hoehenfreibad-Bad-Urach\/\" target=\"_blank\" rel=\"noopener noreferrer\">H\u00f6henfreibad Bad Urach<\/a> &#8211; the family-friendly sports pool lies on a sunny plateau above the spa town.<\/li>\n<li><a title=\"Wellenfreibad Reutlingen\" href=\"https:\/\/www.reutlinger-baeder.de\/inhalt\/freibad-markwasen\/barrierefreies-wellenbecken.html\" target=\"_blank\" rel=\"noopener noreferrer\">Wellenfreibad Reutlingen<\/a> &#8211; surrounded by the beautiful scenery of the Swabian Alb and the Achalm, it is one of the most scenic and largest open-air swimming pools in Germany.<\/li>\n<li><a title=\"Freibad M\u00fcnsingen\" href=\"https:\/\/www.muensingen.com\/Freizeitaktivitaeten\/Schwimmen\" target=\"_blank\" rel=\"noopener noreferrer\">Das M\u00fcnsinger Freibad<\/a> &#8211;  is considered to be one of the most beautiful outdoor pools on the Alb plateau due to its location and design.<\/li>\n<\/ul>\n<h2>Sport &amp; adventure Swabian Alb<\/h2>\n<ul>\n<li><a title=\"Wintersport Arena Schw\u00e4bische Alb \" rel=\"noopener noreferrer\" href=\"https:\/\/www.wintersport-arena.com\/\" target=\"_blank\">Wintersport Arena Holzelfingen<\/a> &#8211; Skiing, toboggan park, cross-country ski run, children&#8217;s adventure land, hiking possibilities, two ski huts with all kinds of delicacies and an apr\u00e8s-ski bar leave nothing to be desired and make every visit a special experience.<\/li>\n<li><a title=\"GeoPark Swabian Jura \" rel=\"noopener noreferrer\" href=\"https:\/\/www.geopark-alb.de\/\" target=\"_blank\">GeoPark Swabian Jura<\/a> &#8211; Experience geological history live in the GeoPark Schw\u00e4bische Alb! Pterosaurs and sea lilies? Coral reefs and palm beaches? Ice Age hunters and Celtic industrial areas?<\/li>\n<li><a title=\"Climbing park Sonnenb\u00fchl\" rel=\"noopener noreferrer\" href=\"http:\/\/www.sommerbob.de\/kletterpark.html\" target=\"_blank\">Climbing park Sonnenb\u00fchl<\/a> &#8211; just the thing for the adventurous.<\/li>\n<li><a title=\"Adventure park Lichtenstein Castle\" rel=\"noopener noreferrer\" href=\"https:\/\/www.abenteuerpark-schlosslichtenstein.de\/\" target=\"_blank\">Adventure park Lichtenstein Castle<\/a> &#8211; In the forest at lofty heights, swinging through the trees like Tarzan and Jane, like Spiderman climbing a net. These adventures can be experienced up close at the Adventure Park Castle Lichtenstein<\/li>\n<li><a title=\"Summer bob run Sonnenb\u00fchl\" rel=\"noopener noreferrer\" href=\"http:\/\/www.sommerbob.de\/sommerbobbahn.html\" target=\"_blank\">Summer bob run Sonnenb\u00fchl<\/a> &#8211; In the beautifully situated Melchinger Valley in the climatic health resort of Erpfingen, not far from the Bear Cave, sporting fun for the whole family awaits you.<\/li>\n<li><a title=\"SEGWAY in the biosphere area\" rel=\"noopener noreferrer\" href=\"http:\/\/www.spasspur.de\" target=\"_blank\">SEGWAY in the biosphere area<\/a> &#8211; Tour 10 leads over the former military training area through the heart of the biosphere area.<\/li>\n<\/ul>\n<h2>Palaces and castles in the Swabian Alb<\/h2>\n<ul>\n<li><a title=\"Lichtenstein Castle\" href=\"https:\/\/www.schloss-lichtenstein.de\/\" target=\"_blank\" rel=\"noopener noreferrer\">Lichtenstein Castle<\/a> &#8211; historical castle from the 19th century. It is situated on the Albtrauf of the Swabian Alb at an altitude of 817 m above sea level above the village of Lichtenstein.<\/li>\n<li><a title=\"Residence castle Bad Urach\" href=\"http:\/\/www.schloss-urach.de\/\" target=\"_blank\" rel=\"noopener noreferrer\">Residence castle Bad Urach<\/a> &#8211; in Bad Urach on the edge of the Swabian Alb is the only remaining residential castle from the heyday of the Duchy of W\u00fcrttemberg.<\/li>\n<li><a title=\"Hohenurach Castle Ruin\" href=\"http:\/\/www.badurach-tourismus.de\/Media\/Attraktionen\/Burgruine-Hohenurach\" target=\"_blank\" rel=\"noopener noreferrer\">Hohenurach Castle Ruin<\/a> &#8211; in the 16th century by the dukes of W\u00fcrttemberg to a state fortress. Since 1765 ruin and the landmark of Bad Urach.<\/li>\n<li><a title=\"Hohenzollern castle\" href=\"http:\/\/www.burg-hohenzollern.com\/startseite.html\" target=\"_blank\" rel=\"noopener noreferrer\">Hohenzollern castle<\/a> &#8211; the ancestral seat of the Prussian royal family and the princes of Hohenzollen.<\/li>\n<\/ul>\n<h2>more websites about the Swabian Alb<\/h2>\n<ul>\n<li><a title=\"Tourism in the district of Reutlingen\" href=\"https:\/\/www.mythos-schwaebische-alb.de\/\" target=\"_blank\" rel=\"noopener noreferrer\">Mythos Schw\u00e4bische Alb<\/a> &#8211; Calendar of events and news from the Reutlingen Alb.<\/li>\n<li><a title=\"Metzingen Outlet &amp; Tourismus\" href=\"https:\/\/www.metzingen.de\/de\/Shopping-Tourismus\" target=\"_blank\" rel=\"noopener noreferrer\">Outlet shopping in Metzingen<\/a> &#8211; The Outletcity invites you to shop and linger.<\/li>\n<li><a title=\"Swabian Alb\" href=\"https:\/\/www.schwaebischealb.de\/\" target=\"_blank\" rel=\"noopener noreferrer\">Swabian Alb<\/a> &#8211; the official portal of the &#8220;Schw\u00e4bische Alb Tourismusverband e.V.&#8221;<\/li>\n<li><a title=\"Alb Tips\" href=\"http:\/\/www.albtips.de\/\" target=\"_blank\" rel=\"noopener noreferrer\">Alb Tips<\/a> &#8211; this blog probably offers the best information about the swabian alb.<\/li>\n<li><a title=\"Biosphere area Swabian Alb\" href=\"https:\/\/www.biosphaerengebiet-alb.de\/\" target=\"_blank\" rel=\"noopener noreferrer\">Biosphere area Swabian Alb<\/a> &#8211; the official site of the biosphere area.<\/li>\n<\/ul>\n<\/div>","protected":false},"excerpt":{"rendered":"<p>Excursion destinations, hiking tips and links around the Swabian Alb. Hiking in and around the Swabian Alb Interactive hiking map Myth Swabian Alb &#8211; Experience the Middle Swabian Alb on foot or by bike. Go on a voyage of discovery. Schw\u00e4bischer Albverein &#8211; Information and hiking tips directly from the &#8220;Schw\u00e4bischer Albverein&#8221; 45 circular hiking [&hellip;]<\/p>\n","protected":false},"author":1,"featured_media":0,"parent":0,"menu_order":0,"comment_status":"closed","ping_status":"closed","template":"","meta":{"footnotes":""},"class_list":["post-297","page","type-page","status-publish","hentry"],"yoast_head":"<!-- This site is optimized with the Yoast SEO plugin v26.6 - https:\/\/yoast.com\/wordpress\/plugins\/seo\/ -->\n<title>Ausflugsziele und Wanderwege auf der Schw\u00e4bischen Alb - Stahleckerhof<\/title>\n<meta name=\"description\" content=\"Als Landgasthaus mit G\u00e4stezimmern bieten wir Ihnen hier eine \u00dcbersicht an tollen Wanderzielen und Ausfliugtipps auf der Schw\u00e4bischen Alb - rund um den Stahlecker Hof.\" \/>\n<meta name=\"robots\" content=\"index, follow, max-snippet:-1, max-image-preview:large, max-video-preview:-1\" \/>\n<link rel=\"canonical\" href=\"https:\/\/www.stahleckerhof.de\/ausflugsziele-schwaebische-alb\/\" \/>\n<meta property=\"og:locale\" content=\"en_US\" \/>\n<meta property=\"og:type\" content=\"article\" \/>\n<meta property=\"og:title\" content=\"[:de]Ausflugsziele und Wanderwege auf der Schw\u00e4bischen Alb - Stahleckerhof [:]\" \/>\n<meta property=\"og:description\" content=\"{:de}Als Landgasthaus mit G\u00e4stezimmern bieten wir Ihnen hier eine \u00dcbersicht an tollen Wanderzielen und Ausfliugtipps auf der Schw\u00e4bischen Alb - rund um den Stahlecker Hof.{:}\" \/>\n<meta property=\"og:url\" content=\"https:\/\/www.stahleckerhof.de\/ausflugsziele-schwaebische-alb\/\" \/>\n<meta property=\"article:modified_time\" content=\"2020-01-31T11:13:16+00:00\" \/>\n<meta name=\"twitter:card\" content=\"summary_large_image\" \/>\n<meta name=\"twitter:label1\" content=\"Est. reading time\" \/>\n\t<meta name=\"twitter:data1\" content=\"6 minutes\" \/>\n<script type=\"application\/ld+json\" class=\"yoast-schema-graph\">{\"@context\":\"https:\/\/schema.org\",\"@graph\":[{\"@type\":\"WebPage\",\"@id\":\"https:\/\/www.stahleckerhof.de\/ausflugsziele-schwaebische-alb\/\",\"url\":\"https:\/\/www.stahleckerhof.de\/ausflugsziele-schwaebische-alb\/\",\"name\":\"[:de]Ausflugsziele und Wanderwege auf der Schw\u00e4bischen Alb - Stahleckerhof [:]\",\"isPartOf\":{\"@id\":\"https:\/\/www.stahleckerhof.de\/#website\"},\"datePublished\":\"2014-05-14T16:55:23+00:00\",\"dateModified\":\"2020-01-31T11:13:16+00:00\",\"description\":\"{:de}Als Landgasthaus mit G\u00e4stezimmern bieten wir Ihnen hier eine \u00dcbersicht an tollen Wanderzielen und Ausfliugtipps auf der Schw\u00e4bischen Alb - rund um den Stahlecker Hof.{:}\",\"breadcrumb\":{\"@id\":\"https:\/\/www.stahleckerhof.de\/ausflugsziele-schwaebische-alb\/#breadcrumb\"},\"inLanguage\":\"en-US\",\"potentialAction\":[{\"@type\":\"ReadAction\",\"target\":[\"https:\/\/www.stahleckerhof.de\/ausflugsziele-schwaebische-alb\/\"]}]},{\"@type\":\"BreadcrumbList\",\"@id\":\"https:\/\/www.stahleckerhof.de\/ausflugsziele-schwaebische-alb\/#breadcrumb\",\"itemListElement\":[{\"@type\":\"ListItem\",\"position\":1,\"name\":\"Home\",\"item\":\"https:\/\/www.stahleckerhof.de\/\"},{\"@type\":\"ListItem\",\"position\":2,\"name\":\"Ausflugsziele und Freizeit-Tipps auf der Schw\u00e4bischen Alb\"}]},{\"@type\":\"WebSite\",\"@id\":\"https:\/\/www.stahleckerhof.de\/#website\",\"url\":\"https:\/\/www.stahleckerhof.de\/\",\"name\":\"\",\"description\":\"\",\"potentialAction\":[{\"@type\":\"SearchAction\",\"target\":{\"@type\":\"EntryPoint\",\"urlTemplate\":\"https:\/\/www.stahleckerhof.de\/?s={search_term_string}\"},\"query-input\":{\"@type\":\"PropertyValueSpecification\",\"valueRequired\":true,\"valueName\":\"search_term_string\"}}],\"inLanguage\":\"en-US\"}]}<\/script>\n<!-- \/ Yoast SEO plugin. -->","yoast_head_json":{"title":"Ausflugsziele und Wanderwege auf der Schw\u00e4bischen Alb - Stahleckerhof","description":"Als Landgasthaus mit G\u00e4stezimmern bieten wir Ihnen hier eine \u00dcbersicht an tollen Wanderzielen und Ausfliugtipps auf der Schw\u00e4bischen Alb - rund um den Stahlecker Hof.","robots":{"index":"index","follow":"follow","max-snippet":"max-snippet:-1","max-image-preview":"max-image-preview:large","max-video-preview":"max-video-preview:-1"},"canonical":"https:\/\/www.stahleckerhof.de\/ausflugsziele-schwaebische-alb\/","og_locale":"en_US","og_type":"article","og_title":"[:de]Ausflugsziele und Wanderwege auf der Schw\u00e4bischen Alb - Stahleckerhof [:]","og_description":"{:de}Als Landgasthaus mit G\u00e4stezimmern bieten wir Ihnen hier eine \u00dcbersicht an tollen Wanderzielen und Ausfliugtipps auf der Schw\u00e4bischen Alb - rund um den Stahlecker Hof.{:}","og_url":"https:\/\/www.stahleckerhof.de\/ausflugsziele-schwaebische-alb\/","article_modified_time":"2020-01-31T11:13:16+00:00","twitter_card":"summary_large_image","twitter_misc":{"Est. reading time":"6 minutes"},"schema":{"@context":"https:\/\/schema.org","@graph":[{"@type":"WebPage","@id":"https:\/\/www.stahleckerhof.de\/ausflugsziele-schwaebische-alb\/","url":"https:\/\/www.stahleckerhof.de\/ausflugsziele-schwaebische-alb\/","name":"[:de]Ausflugsziele und Wanderwege auf der Schw\u00e4bischen Alb - Stahleckerhof [:]","isPartOf":{"@id":"https:\/\/www.stahleckerhof.de\/#website"},"datePublished":"2014-05-14T16:55:23+00:00","dateModified":"2020-01-31T11:13:16+00:00","description":"{:de}Als Landgasthaus mit G\u00e4stezimmern bieten wir Ihnen hier eine \u00dcbersicht an tollen Wanderzielen und Ausfliugtipps auf der Schw\u00e4bischen Alb - rund um den Stahlecker Hof.{:}","breadcrumb":{"@id":"https:\/\/www.stahleckerhof.de\/ausflugsziele-schwaebische-alb\/#breadcrumb"},"inLanguage":"en-US","potentialAction":[{"@type":"ReadAction","target":["https:\/\/www.stahleckerhof.de\/ausflugsziele-schwaebische-alb\/"]}]},{"@type":"BreadcrumbList","@id":"https:\/\/www.stahleckerhof.de\/ausflugsziele-schwaebische-alb\/#breadcrumb","itemListElement":[{"@type":"ListItem","position":1,"name":"Home","item":"https:\/\/www.stahleckerhof.de\/"},{"@type":"ListItem","position":2,"name":"Ausflugsziele und Freizeit-Tipps auf der Schw\u00e4bischen Alb"}]},{"@type":"WebSite","@id":"https:\/\/www.stahleckerhof.de\/#website","url":"https:\/\/www.stahleckerhof.de\/","name":"","description":"","potentialAction":[{"@type":"SearchAction","target":{"@type":"EntryPoint","urlTemplate":"https:\/\/www.stahleckerhof.de\/?s={search_term_string}"},"query-input":{"@type":"PropertyValueSpecification","valueRequired":true,"valueName":"search_term_string"}}],"inLanguage":"en-US"}]}},"_links":{"self":[{"href":"https:\/\/www.stahleckerhof.de\/en\/wp-json\/wp\/v2\/pages\/297","targetHints":{"allow":["GET"]}}],"collection":[{"href":"https:\/\/www.stahleckerhof.de\/en\/wp-json\/wp\/v2\/pages"}],"about":[{"href":"https:\/\/www.stahleckerhof.de\/en\/wp-json\/wp\/v2\/types\/page"}],"author":[{"embeddable":true,"href":"https:\/\/www.stahleckerhof.de\/en\/wp-json\/wp\/v2\/users\/1"}],"replies":[{"embeddable":true,"href":"https:\/\/www.stahleckerhof.de\/en\/wp-json\/wp\/v2\/comments?post=297"}],"version-history":[{"count":0,"href":"https:\/\/www.stahleckerhof.de\/en\/wp-json\/wp\/v2\/pages\/297\/revisions"}],"wp:attachment":[{"href":"https:\/\/www.stahleckerhof.de\/en\/wp-json\/wp\/v2\/media?parent=297"}],"curies":[{"name":"wp","href":"https:\/\/api.w.org\/{rel}","templated":true}]}}