{"id":335,"date":"2014-05-15T09:27:28","date_gmt":"2014-05-15T07:27:28","guid":{"rendered":"http:\/\/www.stahleckerhof.de\/?page_id=335"},"modified":"2020-01-22T11:08:18","modified_gmt":"2020-01-22T09:08:18","slug":"rund-ums-stahleck","status":"publish","type":"page","link":"https:\/\/www.stahleckerhof.de\/en\/rund-ums-stahleck\/","title":{"rendered":"Rund ums Stahleck"},"content":{"rendered":"<div style=\"margin-left: 10%; margin-right: 10%;\">\n\n\t\t<style type=\"text\/css\">\n\t\t\t#gallery-2 {\n\t\t\t\tmargin: auto;\n\t\t\t}\n\t\t\t#gallery-2 .gallery-item {\n\t\t\t\tfloat: left;\n\t\t\t\tmargin-top: 10px;\n\t\t\t\ttext-align: center;\n\t\t\t\twidth: 33%;\n\t\t\t}\n\t\t\t#gallery-2 img {\n\t\t\t\tborder: 2px solid #cfcfcf;\n\t\t\t}\n\t\t\t#gallery-2 .gallery-caption {\n\t\t\t\tmargin-left: 0;\n\t\t\t}\n\t\t\t\/* see gallery_shortcode() in wp-includes\/media.php *\/\n\t\t<\/style>\n\t\t<div id='gallery-2' class='gallery galleryid-335 gallery-columns-3 gallery-size-thumbnail'><dl class='gallery-item'>\n\t\t\t<dt class='gallery-icon landscape'>\n\t\t\t\t<a href='https:\/\/www.stahleckerhof.de\/wordpress\/wp-content\/uploads\/2014\/05\/umgebung4.jpg' title=\"\" data-rl_title=\"\" class=\"rl-gallery-link\" data-rl_caption=\"\" data-rel=\"lightbox-gallery-2\"><img loading=\"lazy\" decoding=\"async\" width=\"150\" height=\"150\" src=\"https:\/\/www.stahleckerhof.de\/wordpress\/wp-content\/uploads\/2014\/05\/umgebung4-150x150.jpg\" class=\"attachment-thumbnail size-thumbnail\" alt=\"\" \/><\/a>\n\t\t\t<\/dt><\/dl><dl class='gallery-item'>\n\t\t\t<dt class='gallery-icon landscape'>\n\t\t\t\t<a href='https:\/\/www.stahleckerhof.de\/wordpress\/wp-content\/uploads\/2014\/05\/Spielplatz.jpg' title=\"\" data-rl_title=\"\" class=\"rl-gallery-link\" data-rl_caption=\"\" data-rel=\"lightbox-gallery-2\"><img loading=\"lazy\" decoding=\"async\" width=\"150\" height=\"150\" src=\"https:\/\/www.stahleckerhof.de\/wordpress\/wp-content\/uploads\/2014\/05\/Spielplatz-150x150.jpg\" class=\"attachment-thumbnail size-thumbnail\" alt=\"\" \/><\/a>\n\t\t\t<\/dt><\/dl><dl class='gallery-item'>\n\t\t\t<dt class='gallery-icon landscape'>\n\t\t\t\t<a href='https:\/\/www.stahleckerhof.de\/wordpress\/wp-content\/uploads\/2014\/05\/Pferde.jpg' title=\"\" data-rl_title=\"\" class=\"rl-gallery-link\" data-rl_caption=\"\" data-rel=\"lightbox-gallery-2\"><img loading=\"lazy\" decoding=\"async\" width=\"150\" height=\"150\" src=\"https:\/\/www.stahleckerhof.de\/wordpress\/wp-content\/uploads\/2014\/05\/Pferde-150x150.jpg\" class=\"attachment-thumbnail size-thumbnail\" alt=\"\" \/><\/a>\n\t\t\t<\/dt><\/dl><br style=\"clear: both\" \/>\n\t\t<\/div>\n\n<p>The area surrounding Stahleck is ideal for those who seek relaxation in nature, or those who simply enjoy being outside. Discover hiking paths for every experience level and beautiful scenic views!<\/p>\n<p>By the way: Stahleck is located along \u201eHW1\u201c (one of the main hiking tracks on the Swabian Alb) with a total length of 365 km.<\/p>\n<p><\/p>\n<p style=\"margin-left: -10px;\"><a title=\"\" rel=\"lightbox\" href=\"http:\/\/www.stahleckerhof.de\/wordpress\/wp-content\/uploads\/2014\/05\/stahleck_001.jpg\" data-rel=\"lightbox-gallery-GOr6X87y\" data-rl_title=\"\" data-rl_caption=\"\"><img loading=\"lazy\" decoding=\"async\" class=\"aligncenter size-medium wp-image-350\" src=\"http:\/\/www.stahleckerhof.de\/wordpress\/wp-content\/uploads\/2014\/05\/stahleck_001-300x92.jpg\" alt=\"stahleck_00\" width=\"460\" height=\"122\" \/><\/a><\/p>\n<h2 class=\"speisekarte\">A Short History<\/h2>\n<p>The history of Stahleck can be traced back until 1840. In 1841 Jakob Reiff first received the concession to serve wines and ciders here.\u00a0 It wasn&#8217;t until 1954 that the first water pipeline was installed. In 1984 the entire house was renovated, the result of which is what you see today.<\/p>\n<p>&nbsp;<\/p>\n<p><a href=\"https:\/\/www.stahleckerhof.de\/ausflugsziele-schwaebische-alb\/\"><img loading=\"lazy\" decoding=\"async\" class=\"wp-image-1923 size-full aligncenter\" src=\"https:\/\/www.stahleckerhof.de\/wordpress\/wp-content\/uploads\/2020\/01\/tips_trips_new_en.png\" alt=\"\" width=\"273\" height=\"81\" \/><\/a><\/p>\n<\/div>","protected":false},"excerpt":{"rendered":"<p>The area surrounding Stahleck is ideal for those who seek relaxation in nature, or those who simply enjoy being outside. Discover hiking paths for every experience level and beautiful scenic views! By the way: Stahleck is located along \u201eHW1\u201c (one of the main hiking tracks on the Swabian Alb) with a total length of 365 [&hellip;]<\/p>\n","protected":false},"author":1,"featured_media":0,"parent":0,"menu_order":0,"comment_status":"closed","ping_status":"closed","template":"","meta":{"footnotes":""},"class_list":["post-335","page","type-page","status-publish","hentry"],"yoast_head":"<!-- This site is optimized with the Yoast SEO plugin v26.6 - https:\/\/yoast.com\/wordpress\/plugins\/seo\/ -->\n<title>Die Schw\u00e4bische Alb um den Gasthof Stahlecker Hof in Lichtenstein<\/title>\n<meta name=\"description\" content=\"Mitten in der Natur der Schw\u00e4bischen Alb liegt der Gasthof Stahlecker Hof in Lichtenstein. Direkt am Biosph\u00e4rengebiet Schw\u00e4bische Alb l\u00e4dt die Lage zu tollen Wanderungen ein\" \/>\n<meta name=\"robots\" content=\"index, follow, max-snippet:-1, max-image-preview:large, max-video-preview:-1\" \/>\n<link rel=\"canonical\" href=\"https:\/\/www.stahleckerhof.de\/rund-ums-stahleck\/\" \/>\n<meta property=\"og:locale\" content=\"en_US\" \/>\n<meta property=\"og:type\" content=\"article\" \/>\n<meta property=\"og:title\" content=\"Die Schw\u00e4bische Alb um den Gasthof Stahlecker Hof in Lichtenstein\" \/>\n<meta property=\"og:description\" content=\"Mitten in der Natur der Schw\u00e4bischen Alb liegt der Gasthof Stahlecker Hof in Lichtenstein. Direkt am Biosph\u00e4rengebiet Schw\u00e4bische Alb l\u00e4dt die Lage zu tollen Wanderungen ein\" \/>\n<meta property=\"og:url\" content=\"https:\/\/www.stahleckerhof.de\/rund-ums-stahleck\/\" \/>\n<meta property=\"article:modified_time\" content=\"2020-01-22T09:08:18+00:00\" \/>\n<meta property=\"og:image\" content=\"https:\/\/www.stahleckerhof.de\/wordpress\/wp-content\/uploads\/2014\/05\/umgebung4-150x150.jpg\" \/>\n<meta name=\"twitter:card\" content=\"summary_large_image\" \/>\n<meta name=\"twitter:label1\" content=\"Est. reading time\" \/>\n\t<meta name=\"twitter:data1\" content=\"2 minutes\" \/>\n<script type=\"application\/ld+json\" class=\"yoast-schema-graph\">{\"@context\":\"https:\/\/schema.org\",\"@graph\":[{\"@type\":\"WebPage\",\"@id\":\"https:\/\/www.stahleckerhof.de\/rund-ums-stahleck\/\",\"url\":\"https:\/\/www.stahleckerhof.de\/rund-ums-stahleck\/\",\"name\":\"Die Schw\u00e4bische Alb um den Gasthof Stahlecker Hof in Lichtenstein\",\"isPartOf\":{\"@id\":\"https:\/\/www.stahleckerhof.de\/#website\"},\"primaryImageOfPage\":{\"@id\":\"https:\/\/www.stahleckerhof.de\/rund-ums-stahleck\/#primaryimage\"},\"image\":{\"@id\":\"https:\/\/www.stahleckerhof.de\/rund-ums-stahleck\/#primaryimage\"},\"thumbnailUrl\":\"http:\/\/www.stahleckerhof.de\/wordpress\/wp-content\/uploads\/2014\/05\/stahleck_001-300x92.jpg\",\"datePublished\":\"2014-05-15T07:27:28+00:00\",\"dateModified\":\"2020-01-22T09:08:18+00:00\",\"description\":\"Mitten in der Natur der Schw\u00e4bischen Alb liegt der Gasthof Stahlecker Hof in Lichtenstein. Direkt am Biosph\u00e4rengebiet Schw\u00e4bische Alb l\u00e4dt die Lage zu tollen Wanderungen ein\",\"breadcrumb\":{\"@id\":\"https:\/\/www.stahleckerhof.de\/rund-ums-stahleck\/#breadcrumb\"},\"inLanguage\":\"en-US\",\"potentialAction\":[{\"@type\":\"ReadAction\",\"target\":[\"https:\/\/www.stahleckerhof.de\/rund-ums-stahleck\/\"]}]},{\"@type\":\"ImageObject\",\"inLanguage\":\"en-US\",\"@id\":\"https:\/\/www.stahleckerhof.de\/rund-ums-stahleck\/#primaryimage\",\"url\":\"http:\/\/www.stahleckerhof.de\/wordpress\/wp-content\/uploads\/2014\/05\/stahleck_001-300x92.jpg\",\"contentUrl\":\"http:\/\/www.stahleckerhof.de\/wordpress\/wp-content\/uploads\/2014\/05\/stahleck_001-300x92.jpg\"},{\"@type\":\"BreadcrumbList\",\"@id\":\"https:\/\/www.stahleckerhof.de\/rund-ums-stahleck\/#breadcrumb\",\"itemListElement\":[{\"@type\":\"ListItem\",\"position\":1,\"name\":\"Home\",\"item\":\"https:\/\/www.stahleckerhof.de\/\"},{\"@type\":\"ListItem\",\"position\":2,\"name\":\"Rund ums Stahleck\"}]},{\"@type\":\"WebSite\",\"@id\":\"https:\/\/www.stahleckerhof.de\/#website\",\"url\":\"https:\/\/www.stahleckerhof.de\/\",\"name\":\"\",\"description\":\"\",\"potentialAction\":[{\"@type\":\"SearchAction\",\"target\":{\"@type\":\"EntryPoint\",\"urlTemplate\":\"https:\/\/www.stahleckerhof.de\/?s={search_term_string}\"},\"query-input\":{\"@type\":\"PropertyValueSpecification\",\"valueRequired\":true,\"valueName\":\"search_term_string\"}}],\"inLanguage\":\"en-US\"}]}<\/script>\n<!-- \/ Yoast SEO plugin. -->","yoast_head_json":{"title":"Die Schw\u00e4bische Alb um den Gasthof Stahlecker Hof in Lichtenstein","description":"Mitten in der Natur der Schw\u00e4bischen Alb liegt der Gasthof Stahlecker Hof in Lichtenstein. Direkt am Biosph\u00e4rengebiet Schw\u00e4bische Alb l\u00e4dt die Lage zu tollen Wanderungen ein","robots":{"index":"index","follow":"follow","max-snippet":"max-snippet:-1","max-image-preview":"max-image-preview:large","max-video-preview":"max-video-preview:-1"},"canonical":"https:\/\/www.stahleckerhof.de\/rund-ums-stahleck\/","og_locale":"en_US","og_type":"article","og_title":"Die Schw\u00e4bische Alb um den Gasthof Stahlecker Hof in Lichtenstein","og_description":"Mitten in der Natur der Schw\u00e4bischen Alb liegt der Gasthof Stahlecker Hof in Lichtenstein. Direkt am Biosph\u00e4rengebiet Schw\u00e4bische Alb l\u00e4dt die Lage zu tollen Wanderungen ein","og_url":"https:\/\/www.stahleckerhof.de\/rund-ums-stahleck\/","article_modified_time":"2020-01-22T09:08:18+00:00","og_image":[{"url":"https:\/\/www.stahleckerhof.de\/wordpress\/wp-content\/uploads\/2014\/05\/umgebung4-150x150.jpg","type":"","width":"","height":""}],"twitter_card":"summary_large_image","twitter_misc":{"Est. reading time":"2 minutes"},"schema":{"@context":"https:\/\/schema.org","@graph":[{"@type":"WebPage","@id":"https:\/\/www.stahleckerhof.de\/rund-ums-stahleck\/","url":"https:\/\/www.stahleckerhof.de\/rund-ums-stahleck\/","name":"Die Schw\u00e4bische Alb um den Gasthof Stahlecker Hof in Lichtenstein","isPartOf":{"@id":"https:\/\/www.stahleckerhof.de\/#website"},"primaryImageOfPage":{"@id":"https:\/\/www.stahleckerhof.de\/rund-ums-stahleck\/#primaryimage"},"image":{"@id":"https:\/\/www.stahleckerhof.de\/rund-ums-stahleck\/#primaryimage"},"thumbnailUrl":"http:\/\/www.stahleckerhof.de\/wordpress\/wp-content\/uploads\/2014\/05\/stahleck_001-300x92.jpg","datePublished":"2014-05-15T07:27:28+00:00","dateModified":"2020-01-22T09:08:18+00:00","description":"Mitten in der Natur der Schw\u00e4bischen Alb liegt der Gasthof Stahlecker Hof in Lichtenstein. Direkt am Biosph\u00e4rengebiet Schw\u00e4bische Alb l\u00e4dt die Lage zu tollen Wanderungen ein","breadcrumb":{"@id":"https:\/\/www.stahleckerhof.de\/rund-ums-stahleck\/#breadcrumb"},"inLanguage":"en-US","potentialAction":[{"@type":"ReadAction","target":["https:\/\/www.stahleckerhof.de\/rund-ums-stahleck\/"]}]},{"@type":"ImageObject","inLanguage":"en-US","@id":"https:\/\/www.stahleckerhof.de\/rund-ums-stahleck\/#primaryimage","url":"http:\/\/www.stahleckerhof.de\/wordpress\/wp-content\/uploads\/2014\/05\/stahleck_001-300x92.jpg","contentUrl":"http:\/\/www.stahleckerhof.de\/wordpress\/wp-content\/uploads\/2014\/05\/stahleck_001-300x92.jpg"},{"@type":"BreadcrumbList","@id":"https:\/\/www.stahleckerhof.de\/rund-ums-stahleck\/#breadcrumb","itemListElement":[{"@type":"ListItem","position":1,"name":"Home","item":"https:\/\/www.stahleckerhof.de\/"},{"@type":"ListItem","position":2,"name":"Rund ums Stahleck"}]},{"@type":"WebSite","@id":"https:\/\/www.stahleckerhof.de\/#website","url":"https:\/\/www.stahleckerhof.de\/","name":"","description":"","potentialAction":[{"@type":"SearchAction","target":{"@type":"EntryPoint","urlTemplate":"https:\/\/www.stahleckerhof.de\/?s={search_term_string}"},"query-input":{"@type":"PropertyValueSpecification","valueRequired":true,"valueName":"search_term_string"}}],"inLanguage":"en-US"}]}},"_links":{"self":[{"href":"https:\/\/www.stahleckerhof.de\/en\/wp-json\/wp\/v2\/pages\/335","targetHints":{"allow":["GET"]}}],"collection":[{"href":"https:\/\/www.stahleckerhof.de\/en\/wp-json\/wp\/v2\/pages"}],"about":[{"href":"https:\/\/www.stahleckerhof.de\/en\/wp-json\/wp\/v2\/types\/page"}],"author":[{"embeddable":true,"href":"https:\/\/www.stahleckerhof.de\/en\/wp-json\/wp\/v2\/users\/1"}],"replies":[{"embeddable":true,"href":"https:\/\/www.stahleckerhof.de\/en\/wp-json\/wp\/v2\/comments?post=335"}],"version-history":[{"count":0,"href":"https:\/\/www.stahleckerhof.de\/en\/wp-json\/wp\/v2\/pages\/335\/revisions"}],"wp:attachment":[{"href":"https:\/\/www.stahleckerhof.de\/en\/wp-json\/wp\/v2\/media?parent=335"}],"curies":[{"name":"wp","href":"https:\/\/api.w.org\/{rel}","templated":true}]}}