{"id":383,"date":"2014-05-16T10:37:05","date_gmt":"2014-05-16T08:37:05","guid":{"rendered":"http:\/\/www.stahleckerhof.de\/?page_id=383"},"modified":"2023-02-10T10:31:53","modified_gmt":"2023-02-10T08:31:53","slug":"hinkommen","status":"publish","type":"page","link":"https:\/\/www.stahleckerhof.de\/en\/hinkommen\/","title":{"rendered":"Income"},"content":{"rendered":"<div  class=\"lgc-column lgc-grid-parent lgc-grid-70 lgc-tablet-grid-70 lgc-mobile-grid-100 lgc-equal-heights \"><div  class=\"inside-grid-column\">\n<h2 class=\"speisekarte\">Simply find us good<\/h2>\n<p>\nThe Gasthof Stahlecker Hof is located at the entrance to the biosphere area Swabian Alb, between Lichtenstein-Holzelfingen and St. Johann-Ohnastetten. About \u00bd km south of the settlement Lichtenstein-G\u00f6llesberg.<\/p>\n<p>From Stuttgart or Esslingen you can reach us by car in less than an hour.<\/p>\n<p>From T\u00fcbingen in about 30 minutes and from Sigmaringen you can reach us in about 45 minutes.<\/p>\n<p><strong>Open:<br \/>\nWednesday to Sunday from 11 am<\/strong> (hot meals throughout).<br \/>\n<strong>Monday and Tuesday closed (open on public holidays)<\/strong><\/p>\n<p>&nbsp;<\/p>\n<p>For <strong>reservations<\/strong> or <strong>inquiries<\/strong> you can reach us at<br \/>\nTel.: 07122-9427<br \/>\ninfo@stahleckerhof.de<\/p>\n<p><strong>GPS-Daten:<\/strong><br \/>\nGPS Lon: 9.30447 \/ E 9 18,267<br \/>\nGPS Lat: 48.44403 \/ N 48 26,642<\/p>\n<\/div><\/div>\n<div  class=\"lgc-column lgc-grid-parent lgc-grid-30 lgc-tablet-grid-30 lgc-mobile-grid-100 lgc-equal-heights \"><div  class=\"inside-grid-column\">\n<div align=\"center\">\n<style type='text\/css'>#wegplaner_routenplanerbox{border:1px solid #dfdffa;margin:0px;padding:5px;text-align:left;width:153px;background-color:#353c5c}#wegplaner_routenplanerbox form{font-family:arial,sans-serif;font-weight:bold;margin:0;padding:0;}#wegplaner_routenplanerbox form input[type='text']{text-align:left;color:'#000' !important;margin:2px 0;width:98%;height:17px;padding:0;}#wegplaner_routenplanerbox form input[type='submit']{font-size:12px;color:#dfdffa;background:#262c47;padding:2px;margin-top:3px;width:105px;border:1px solid #dfdffa}#wegplaner_routenplanerbox p{font-size:12px;font-weight:normal;color:#dfdffa !important;-webkit-margin-before:0em;-webkit-margin-after:0em;margin:0;padding:0;}#wegplaner_routenplanerbox h2{font-size:18px;font-weight:bold;color:#dfdffa !important;margin-bottom:-10px;margin-top:-2px;}#wegplaner_routenplanerbox a{color:#dfdffa !important;text-decoration:none;}#wegplaner_routenplanerbox p.margin{margin-bottom:10px;}#wegplaner_routenplanerbox p.font{font-size:10px !important;}<\/style>\n<div id=\"wegplaner_routenplanerbox\">\n<form accept-charset=\"utf-8\" action=\"https:\/\/www.wegplaner.de\" method=\"get\" name=\"form\" target=\"_blank\">\n<h2><a href=\"https:\/\/www.wegplaner.de\" target=\"_blank\" rel=\"noopener noreferrer\">Route planner<br \/>\n<\/a><\/h2>\n<p><strong>START<\/strong><\/p>\n<p><input id=\"start\" class=\"box\" name=\"start\" required=\"required\" type=\"text\" \/><\/p>\n<p id=\"widgetmargin\" class=\"margin font\">Stra\u00dfe, PLZ, City<\/p>\n<p><strong>ZIEL<\/strong><\/p>\n<p><input id=\"ziel\" class=\"box\" name=\"ziel\" required=\"required\" type=\"text\" value=\"Stahleck 1, 72805 Lichtenstein\" \/><\/p>\n<p class=\"margin font\">Stra\u00dfe, PLZ, City<\/p>\n<p><input id=\"currentstep\" class=\"box\" name=\"currentstep\" required=\"required\" type=\"hidden\" value=\"fromwidget\" \/><input id=\"berechnen\" type=\"submit\" value=\"Calculate route\" \/><\/p>\n<\/form>\n<\/div>\n<\/div>\n<p style=\"align: right;\">Tip:<br \/>\nThe route planner opens<br \/>\nin a new window.<\/p>\n<\/div><\/div><div class=\"lgc-clear\"><\/div>\n<h2 class=\"speisekarte\">You can also come to us<\/h2>\n<p>Instead of the car you can of course also reach us by bus.<\/p>\n<p>From Reutlingen take the <strong>RAB regional bus 7644<\/strong> in the direction of W\u00fcrtingen to Ohnastetten. Then follow the signs &#8220;Stahlecker Hof&#8221; for about 20 minutes on foot. Further bus connections can be found under <a href=\"https:\/\/www.naldo.de\" target=\"_blank\" rel=\"noopener noreferrer\">www.naldo.de<\/a><\/p>\n<p>For cyclists we recommend the journey through the quiet Zellertal, past the Sch\u00fctzenhaus in the direction of G\u00f6llesberg. Both are signposted in Lichtenstein-Unterhausen.<\/p>\n<p><strong>Hikers<\/strong> have the choice of walking on <strong>footpaths<\/strong> through the <strong>Zellertal<\/strong> or following the blue triangle of the Schw\u00e4bischer Albverein in the direction of Stahleck. However, this is a little more strenuous.<\/p>\n\n\t\t<style type=\"text\/css\">\n\t\t\t#gallery-3 {\n\t\t\t\tmargin: auto;\n\t\t\t}\n\t\t\t#gallery-3 .gallery-item {\n\t\t\t\tfloat: left;\n\t\t\t\tmargin-top: 10px;\n\t\t\t\ttext-align: center;\n\t\t\t\twidth: 33%;\n\t\t\t}\n\t\t\t#gallery-3 img {\n\t\t\t\tborder: 2px solid #cfcfcf;\n\t\t\t}\n\t\t\t#gallery-3 .gallery-caption {\n\t\t\t\tmargin-left: 0;\n\t\t\t}\n\t\t\t\/* see gallery_shortcode() in wp-includes\/media.php *\/\n\t\t<\/style>\n\t\t<div id='gallery-3' class='gallery galleryid-383 gallery-columns-3 gallery-size-thumbnail'><dl class='gallery-item'>\n\t\t\t<dt class='gallery-icon portrait'>\n\t\t\t\t<a href='https:\/\/www.stahleckerhof.de\/wordpress\/wp-content\/uploads\/2014\/05\/hinkommen_stahleck_01.jpg' title=\"\" data-rl_title=\"\" class=\"rl-gallery-link\" data-rl_caption=\"\" data-rel=\"lightbox-gallery-3\"><img loading=\"lazy\" decoding=\"async\" width=\"150\" height=\"150\" src=\"https:\/\/www.stahleckerhof.de\/wordpress\/wp-content\/uploads\/2014\/05\/hinkommen_stahleck_01-150x150.jpg\" class=\"attachment-thumbnail size-thumbnail\" alt=\"\" \/><\/a>\n\t\t\t<\/dt><\/dl><dl class='gallery-item'>\n\t\t\t<dt class='gallery-icon portrait'>\n\t\t\t\t<a href='https:\/\/www.stahleckerhof.de\/wordpress\/wp-content\/uploads\/2014\/05\/hinkommen_stahleck_03.jpg' title=\"\" data-rl_title=\"\" class=\"rl-gallery-link\" data-rl_caption=\"\" data-rel=\"lightbox-gallery-3\"><img loading=\"lazy\" decoding=\"async\" width=\"150\" height=\"150\" src=\"https:\/\/www.stahleckerhof.de\/wordpress\/wp-content\/uploads\/2014\/05\/hinkommen_stahleck_03-150x150.jpg\" class=\"attachment-thumbnail size-thumbnail\" alt=\"\" \/><\/a>\n\t\t\t<\/dt><\/dl><dl class='gallery-item'>\n\t\t\t<dt class='gallery-icon landscape'>\n\t\t\t\t<a href='https:\/\/www.stahleckerhof.de\/wordpress\/wp-content\/uploads\/2014\/05\/stahleck-wanderwege-hinweis.jpg' title=\"\" data-rl_title=\"\" class=\"rl-gallery-link\" data-rl_caption=\"\" data-rel=\"lightbox-gallery-3\"><img loading=\"lazy\" decoding=\"async\" width=\"150\" height=\"150\" src=\"https:\/\/www.stahleckerhof.de\/wordpress\/wp-content\/uploads\/2014\/05\/stahleck-wanderwege-hinweis-150x150.jpg\" class=\"attachment-thumbnail size-thumbnail\" alt=\"\" \/><\/a>\n\t\t\t<\/dt><\/dl><br style=\"clear: both\" \/><dl class='gallery-item'>\n\t\t\t<dt class='gallery-icon landscape'>\n\t\t\t\t<a href='https:\/\/www.stahleckerhof.de\/wordpress\/wp-content\/uploads\/2014\/05\/hinkommen_stahleck_04.jpg' title=\"\" data-rl_title=\"\" class=\"rl-gallery-link\" data-rl_caption=\"\" data-rel=\"lightbox-gallery-3\"><img loading=\"lazy\" decoding=\"async\" width=\"150\" height=\"150\" src=\"https:\/\/www.stahleckerhof.de\/wordpress\/wp-content\/uploads\/2014\/05\/hinkommen_stahleck_04-150x150.jpg\" class=\"attachment-thumbnail size-thumbnail\" alt=\"\" \/><\/a>\n\t\t\t<\/dt><\/dl><dl class='gallery-item'>\n\t\t\t<dt class='gallery-icon landscape'>\n\t\t\t\t<a href='https:\/\/www.stahleckerhof.de\/wordpress\/wp-content\/uploads\/2014\/05\/hinkommen_stahleck_05.jpg' title=\"\" data-rl_title=\"\" class=\"rl-gallery-link\" data-rl_caption=\"\" data-rel=\"lightbox-gallery-3\"><img loading=\"lazy\" decoding=\"async\" width=\"150\" height=\"150\" src=\"https:\/\/www.stahleckerhof.de\/wordpress\/wp-content\/uploads\/2014\/05\/hinkommen_stahleck_05-150x150.jpg\" class=\"attachment-thumbnail size-thumbnail\" alt=\"Wege zum Stahlecker Hof\" \/><\/a>\n\t\t\t<\/dt><\/dl>\n\t\t\t<br style='clear: both' \/>\n\t\t<\/div>\n\n<h2 class=\"speisekarte\">Take a detour<\/h2>\n<p>The area around the Stahlecker Hof offers you <strong>plenty<\/strong> of opportunities for <strong>excursions<\/strong> (before or after a visit to us of course).<\/p>\n<p>In addition to numerous viewpoints along the edge of the Alb, excursions to the nearby <strong>Lichtenstein Castle<\/strong> and the <strong>Echaz spring<\/strong>, Bad Urach, the Urach waterfall or the less known but more beautiful &#8220;<strong>G\u00fctersteiner Waterfalls<\/strong>&#8221; are of course also possible.<\/p>\n<p>Metzingen and the Outlet-City can be reached from us just as easily as the nearby Lautertal with the state stud farm in Marbach. Or you can walk &#8211; just around the corner &#8211; on the traces of the past to the ruins of Greifenstein and Stahleck.<\/p>\n<p>In winter, the &#8220;Winter Sports Arena Holzelfingen&#8221; attracts skiers and snowboarders to the only connected <strong>ski area<\/strong> in the Swabian Alb.<\/p>\n<p>Here you will find a <strong><a href=\"https:\/\/www.stahleckerhof.de\/ausflugsziele-schwaebische-alb\/\">few links to websites<\/a><\/strong> that whet your appetite for more <strong>Swabian Alb<\/strong> (without claiming to be complete).<\/p>\n\n\t\t<style type=\"text\/css\">\n\t\t\t#gallery-4 {\n\t\t\t\tmargin: auto;\n\t\t\t}\n\t\t\t#gallery-4 .gallery-item {\n\t\t\t\tfloat: left;\n\t\t\t\tmargin-top: 10px;\n\t\t\t\ttext-align: center;\n\t\t\t\twidth: 33%;\n\t\t\t}\n\t\t\t#gallery-4 img {\n\t\t\t\tborder: 2px solid #cfcfcf;\n\t\t\t}\n\t\t\t#gallery-4 .gallery-caption {\n\t\t\t\tmargin-left: 0;\n\t\t\t}\n\t\t\t\/* see gallery_shortcode() in wp-includes\/media.php *\/\n\t\t<\/style>\n\t\t<div id='gallery-4' class='gallery galleryid-383 gallery-columns-3 gallery-size-thumbnail'><dl class='gallery-item'>\n\t\t\t<dt class='gallery-icon landscape'>\n\t\t\t\t<a href='https:\/\/www.stahleckerhof.de\/wordpress\/wp-content\/uploads\/2014\/05\/umweg_zum_stahleckerhof_01.jpg' title=\"\" data-rl_title=\"\" class=\"rl-gallery-link\" data-rl_caption=\"\" data-rel=\"lightbox-gallery-4\"><img loading=\"lazy\" decoding=\"async\" width=\"150\" height=\"150\" src=\"https:\/\/www.stahleckerhof.de\/wordpress\/wp-content\/uploads\/2014\/05\/umweg_zum_stahleckerhof_01-150x150.jpg\" class=\"attachment-thumbnail size-thumbnail\" alt=\"\" \/><\/a>\n\t\t\t<\/dt><\/dl><dl class='gallery-item'>\n\t\t\t<dt class='gallery-icon landscape'>\n\t\t\t\t<a href='https:\/\/www.stahleckerhof.de\/wordpress\/wp-content\/uploads\/2014\/05\/umweg_zum_stahleckerhof_02.jpg' title=\"\" data-rl_title=\"\" class=\"rl-gallery-link\" data-rl_caption=\"\" data-rel=\"lightbox-gallery-4\"><img loading=\"lazy\" decoding=\"async\" width=\"150\" height=\"150\" src=\"https:\/\/www.stahleckerhof.de\/wordpress\/wp-content\/uploads\/2014\/05\/umweg_zum_stahleckerhof_02-150x150.jpg\" class=\"attachment-thumbnail size-thumbnail\" alt=\"\" \/><\/a>\n\t\t\t<\/dt><\/dl><dl class='gallery-item'>\n\t\t\t<dt class='gallery-icon landscape'>\n\t\t\t\t<a href='https:\/\/www.stahleckerhof.de\/wordpress\/wp-content\/uploads\/2014\/05\/umweg_zum_stahleckerhof_03.jpg' title=\"\" data-rl_title=\"\" class=\"rl-gallery-link\" data-rl_caption=\"\" data-rel=\"lightbox-gallery-4\"><img loading=\"lazy\" decoding=\"async\" width=\"150\" height=\"150\" src=\"https:\/\/www.stahleckerhof.de\/wordpress\/wp-content\/uploads\/2014\/05\/umweg_zum_stahleckerhof_03-150x150.jpg\" class=\"attachment-thumbnail size-thumbnail\" alt=\"\" \/><\/a>\n\t\t\t<\/dt><\/dl><br style=\"clear: both\" \/><dl class='gallery-item'>\n\t\t\t<dt class='gallery-icon landscape'>\n\t\t\t\t<a href='https:\/\/www.stahleckerhof.de\/wordpress\/wp-content\/uploads\/2014\/05\/umweg_zum_stahleckerhof_04.jpg' title=\"\" data-rl_title=\"\" class=\"rl-gallery-link\" data-rl_caption=\"\" data-rel=\"lightbox-gallery-4\"><img loading=\"lazy\" decoding=\"async\" width=\"150\" height=\"150\" src=\"https:\/\/www.stahleckerhof.de\/wordpress\/wp-content\/uploads\/2014\/05\/umweg_zum_stahleckerhof_04-150x150.jpg\" class=\"attachment-thumbnail size-thumbnail\" alt=\"\" \/><\/a>\n\t\t\t<\/dt><\/dl><dl class='gallery-item'>\n\t\t\t<dt class='gallery-icon landscape'>\n\t\t\t\t<a href='https:\/\/www.stahleckerhof.de\/wordpress\/wp-content\/uploads\/2014\/05\/umweg_zum_stahleckerhof_05.jpg' title=\"\" data-rl_title=\"\" class=\"rl-gallery-link\" data-rl_caption=\"\" data-rel=\"lightbox-gallery-4\"><img loading=\"lazy\" decoding=\"async\" width=\"150\" height=\"150\" src=\"https:\/\/www.stahleckerhof.de\/wordpress\/wp-content\/uploads\/2014\/05\/umweg_zum_stahleckerhof_05-150x150.jpg\" class=\"attachment-thumbnail size-thumbnail\" alt=\"\" \/><\/a>\n\t\t\t<\/dt><\/dl><dl class='gallery-item'>\n\t\t\t<dt class='gallery-icon portrait'>\n\t\t\t\t<a href='https:\/\/www.stahleckerhof.de\/wordpress\/wp-content\/uploads\/2014\/05\/umweg_zum_stahleckerhof_06.jpg' title=\"\" data-rl_title=\"\" class=\"rl-gallery-link\" data-rl_caption=\"\" data-rel=\"lightbox-gallery-4\"><img loading=\"lazy\" decoding=\"async\" width=\"150\" height=\"150\" src=\"https:\/\/www.stahleckerhof.de\/wordpress\/wp-content\/uploads\/2014\/05\/umweg_zum_stahleckerhof_06-150x150.jpg\" class=\"attachment-thumbnail size-thumbnail\" alt=\"\" \/><\/a>\n\t\t\t<\/dt><\/dl><br style=\"clear: both\" \/>\n\t\t<\/div>","protected":false},"excerpt":{"rendered":"<p>You can also come to us Instead of the car you can of course also reach us by bus. From Reutlingen take the RAB regional bus 7644 in the direction of W\u00fcrtingen to Ohnastetten. Then follow the signs &#8220;Stahlecker Hof&#8221; for about 20 minutes on foot. Further bus connections can be found under www.naldo.de For [&hellip;]<\/p>\n","protected":false},"author":1,"featured_media":0,"parent":0,"menu_order":0,"comment_status":"closed","ping_status":"closed","template":"","meta":{"footnotes":""},"class_list":["post-383","page","type-page","status-publish","hentry"],"yoast_head":"<!-- This site is optimized with the Yoast SEO plugin v26.6 - https:\/\/yoast.com\/wordpress\/plugins\/seo\/ -->\n<title>Gasthof Stahlecker Hof | Die Wege zu uns auf die Schw\u00e4biche Alb<\/title>\n<meta name=\"description\" content=\"Viele reizvolle Wege f\u00fchren zum Gasthof Stahlecker Hof auf die Schw\u00e4bische Alb. Wanderwege, Radwege oder einfach nur der Strasse nach. So kommen Sie am besten zu uns.\" \/>\n<meta name=\"robots\" content=\"index, follow, max-snippet:-1, max-image-preview:large, max-video-preview:-1\" \/>\n<link rel=\"canonical\" href=\"https:\/\/www.stahleckerhof.de\/hinkommen\/\" \/>\n<meta property=\"og:locale\" content=\"en_US\" \/>\n<meta property=\"og:type\" content=\"article\" \/>\n<meta property=\"og:title\" content=\"Gasthof Stahlecker Hof | Die Wege zu uns auf die Schw\u00e4biche Alb\" \/>\n<meta property=\"og:description\" content=\"Viele reizvolle Wege f\u00fchren zum Gasthof Stahlecker Hof auf die Schw\u00e4bische Alb. Wanderwege, Radwege oder einfach nur der Strasse nach. So kommen Sie am besten zu uns.\" \/>\n<meta property=\"og:url\" content=\"https:\/\/www.stahleckerhof.de\/hinkommen\/\" \/>\n<meta property=\"article:modified_time\" content=\"2023-02-10T08:31:53+00:00\" \/>\n<meta property=\"og:image\" content=\"https:\/\/www.stahleckerhof.de\/wordpress\/wp-content\/uploads\/2014\/05\/hinkommen_stahleck_01-150x150.jpg\" \/>\n<meta name=\"twitter:card\" content=\"summary_large_image\" \/>\n<meta name=\"twitter:label1\" content=\"Est. reading time\" \/>\n\t<meta name=\"twitter:data1\" content=\"12 minutes\" \/>\n<script type=\"application\/ld+json\" class=\"yoast-schema-graph\">{\"@context\":\"https:\/\/schema.org\",\"@graph\":[{\"@type\":\"WebPage\",\"@id\":\"https:\/\/www.stahleckerhof.de\/hinkommen\/\",\"url\":\"https:\/\/www.stahleckerhof.de\/hinkommen\/\",\"name\":\"Gasthof Stahlecker Hof | Die Wege zu uns auf die Schw\u00e4biche Alb\",\"isPartOf\":{\"@id\":\"https:\/\/www.stahleckerhof.de\/#website\"},\"datePublished\":\"2014-05-16T08:37:05+00:00\",\"dateModified\":\"2023-02-10T08:31:53+00:00\",\"description\":\"Viele reizvolle Wege f\u00fchren zum Gasthof Stahlecker Hof auf die Schw\u00e4bische Alb. Wanderwege, Radwege oder einfach nur der Strasse nach. So kommen Sie am besten zu uns.\",\"breadcrumb\":{\"@id\":\"https:\/\/www.stahleckerhof.de\/hinkommen\/#breadcrumb\"},\"inLanguage\":\"en-US\",\"potentialAction\":[{\"@type\":\"ReadAction\",\"target\":[\"https:\/\/www.stahleckerhof.de\/hinkommen\/\"]}]},{\"@type\":\"BreadcrumbList\",\"@id\":\"https:\/\/www.stahleckerhof.de\/hinkommen\/#breadcrumb\",\"itemListElement\":[{\"@type\":\"ListItem\",\"position\":1,\"name\":\"Home\",\"item\":\"https:\/\/www.stahleckerhof.de\/\"},{\"@type\":\"ListItem\",\"position\":2,\"name\":\"Hinkommen\"}]},{\"@type\":\"WebSite\",\"@id\":\"https:\/\/www.stahleckerhof.de\/#website\",\"url\":\"https:\/\/www.stahleckerhof.de\/\",\"name\":\"\",\"description\":\"\",\"potentialAction\":[{\"@type\":\"SearchAction\",\"target\":{\"@type\":\"EntryPoint\",\"urlTemplate\":\"https:\/\/www.stahleckerhof.de\/?s={search_term_string}\"},\"query-input\":{\"@type\":\"PropertyValueSpecification\",\"valueRequired\":true,\"valueName\":\"search_term_string\"}}],\"inLanguage\":\"en-US\"}]}<\/script>\n<!-- \/ Yoast SEO plugin. -->","yoast_head_json":{"title":"Gasthof Stahlecker Hof | Die Wege zu uns auf die Schw\u00e4biche Alb","description":"Viele reizvolle Wege f\u00fchren zum Gasthof Stahlecker Hof auf die Schw\u00e4bische Alb. Wanderwege, Radwege oder einfach nur der Strasse nach. So kommen Sie am besten zu uns.","robots":{"index":"index","follow":"follow","max-snippet":"max-snippet:-1","max-image-preview":"max-image-preview:large","max-video-preview":"max-video-preview:-1"},"canonical":"https:\/\/www.stahleckerhof.de\/hinkommen\/","og_locale":"en_US","og_type":"article","og_title":"Gasthof Stahlecker Hof | Die Wege zu uns auf die Schw\u00e4biche Alb","og_description":"Viele reizvolle Wege f\u00fchren zum Gasthof Stahlecker Hof auf die Schw\u00e4bische Alb. Wanderwege, Radwege oder einfach nur der Strasse nach. So kommen Sie am besten zu uns.","og_url":"https:\/\/www.stahleckerhof.de\/hinkommen\/","article_modified_time":"2023-02-10T08:31:53+00:00","og_image":[{"url":"https:\/\/www.stahleckerhof.de\/wordpress\/wp-content\/uploads\/2014\/05\/hinkommen_stahleck_01-150x150.jpg","type":"","width":"","height":""}],"twitter_card":"summary_large_image","twitter_misc":{"Est. reading time":"12 minutes"},"schema":{"@context":"https:\/\/schema.org","@graph":[{"@type":"WebPage","@id":"https:\/\/www.stahleckerhof.de\/hinkommen\/","url":"https:\/\/www.stahleckerhof.de\/hinkommen\/","name":"Gasthof Stahlecker Hof | Die Wege zu uns auf die Schw\u00e4biche Alb","isPartOf":{"@id":"https:\/\/www.stahleckerhof.de\/#website"},"datePublished":"2014-05-16T08:37:05+00:00","dateModified":"2023-02-10T08:31:53+00:00","description":"Viele reizvolle Wege f\u00fchren zum Gasthof Stahlecker Hof auf die Schw\u00e4bische Alb. Wanderwege, Radwege oder einfach nur der Strasse nach. So kommen Sie am besten zu uns.","breadcrumb":{"@id":"https:\/\/www.stahleckerhof.de\/hinkommen\/#breadcrumb"},"inLanguage":"en-US","potentialAction":[{"@type":"ReadAction","target":["https:\/\/www.stahleckerhof.de\/hinkommen\/"]}]},{"@type":"BreadcrumbList","@id":"https:\/\/www.stahleckerhof.de\/hinkommen\/#breadcrumb","itemListElement":[{"@type":"ListItem","position":1,"name":"Home","item":"https:\/\/www.stahleckerhof.de\/"},{"@type":"ListItem","position":2,"name":"Hinkommen"}]},{"@type":"WebSite","@id":"https:\/\/www.stahleckerhof.de\/#website","url":"https:\/\/www.stahleckerhof.de\/","name":"","description":"","potentialAction":[{"@type":"SearchAction","target":{"@type":"EntryPoint","urlTemplate":"https:\/\/www.stahleckerhof.de\/?s={search_term_string}"},"query-input":{"@type":"PropertyValueSpecification","valueRequired":true,"valueName":"search_term_string"}}],"inLanguage":"en-US"}]}},"_links":{"self":[{"href":"https:\/\/www.stahleckerhof.de\/en\/wp-json\/wp\/v2\/pages\/383","targetHints":{"allow":["GET"]}}],"collection":[{"href":"https:\/\/www.stahleckerhof.de\/en\/wp-json\/wp\/v2\/pages"}],"about":[{"href":"https:\/\/www.stahleckerhof.de\/en\/wp-json\/wp\/v2\/types\/page"}],"author":[{"embeddable":true,"href":"https:\/\/www.stahleckerhof.de\/en\/wp-json\/wp\/v2\/users\/1"}],"replies":[{"embeddable":true,"href":"https:\/\/www.stahleckerhof.de\/en\/wp-json\/wp\/v2\/comments?post=383"}],"version-history":[{"count":0,"href":"https:\/\/www.stahleckerhof.de\/en\/wp-json\/wp\/v2\/pages\/383\/revisions"}],"wp:attachment":[{"href":"https:\/\/www.stahleckerhof.de\/en\/wp-json\/wp\/v2\/media?parent=383"}],"curies":[{"name":"wp","href":"https:\/\/api.w.org\/{rel}","templated":true}]}}