{"id":928,"date":"2015-09-02T11:42:36","date_gmt":"2015-09-02T09:42:36","guid":{"rendered":"http:\/\/www.stahleckerhof.de\/?page_id=928"},"modified":"2026-01-23T16:06:35","modified_gmt":"2026-01-23T14:06:35","slug":"grillhuette","status":"publish","type":"page","link":"https:\/\/www.stahleckerhof.de\/en\/grillhuette\/","title":{"rendered":"Barbecue with friends in any weather"},"content":{"rendered":"<p style=\"text-align: left;\"><div  class=\"lgc-column lgc-grid-parent lgc-grid-50 lgc-tablet-grid-50 lgc-mobile-grid-100 lgc-equal-heights \"><div  class=\"inside-grid-column\">\n<p><!-- top flash embed swf tag start--><br \/>\n<object data=\"https:\/\/stahleckerhof.de\/images\/grillhuette.swf\" type=\"application\/x-shockwave-flash\" width=\"450\" height=\"253\"><param name=\"movie\" value=\"http:\/\/stahleckerhof.de\/images\/grillhuette.swf\" \/><param name=\"quality\" value=\"best\" \/><param name=\"wmode\" value=\"transparent\" \/><param name=\"scale\" value=\"default\" \/><param name=\"FlashVars\" value=\"\" \/><param name=\"allowFullScreen\" value=\"false\" \/><\/object><br \/>\n<!-- top flash embed swf tag end--><\/p>\n<p><b>\u00a0<\/b><\/p>\n<p style=\"text-align: left;\"><a href=\"http:\/\/www.stahleckerhof.de\/wordpress\/wp-content\/uploads\/2015\/09\/die_grillh\u00fctte.jpg\" data-rel=\"lightbox-gallery-UfVGdVj0\" data-rl_title=\"\" data-rl_caption=\"\" title=\"\"><img loading=\"lazy\" decoding=\"async\" class=\"alignleft wp-image-952 size-full\" src=\"http:\/\/www.stahleckerhof.de\/wordpress\/wp-content\/uploads\/2015\/09\/die_grillh\u00fctte.jpg\" alt=\"die_grillh\u00fctte\" width=\"450\" height=\"450\" srcset=\"https:\/\/www.stahleckerhof.de\/wordpress\/wp-content\/uploads\/2015\/09\/die_grillh\u00fctte.jpg 450w, https:\/\/www.stahleckerhof.de\/wordpress\/wp-content\/uploads\/2015\/09\/die_grillh\u00fctte-150x150.jpg 150w, https:\/\/www.stahleckerhof.de\/wordpress\/wp-content\/uploads\/2015\/09\/die_grillh\u00fctte-300x300.jpg 300w\" sizes=\"auto, (max-width: 450px) 100vw, 450px\" \/><\/a><\/p>\n<p>\u00a0<br \/>\n<strong>Reserve<\/strong> now the grill hut under phone <strong>+49 7122-9427<\/strong> for a<br \/>\n<strong>perfect evening<\/strong>.<br \/>\n<\/p><\/div><\/div>\n<div  class=\"lgc-column lgc-grid-parent lgc-grid-50 lgc-tablet-grid-50 lgc-mobile-grid-100 lgc-equal-heights \"><div  class=\"inside-grid-column\">\n<p>&nbsp;<\/p>\n<p>Our cosy barbecue cabin is the perfect location for <strong>your birthday<\/strong>, family gathering or <strong>works outings<\/strong>.<\/p>\n<p>Enjoy the warmth inside the cabin around the fire while it <strong>snows<\/strong>, <strong>storms<\/strong>, or rains outside. The colder it is outside, the cosier it is inside the cabin.<\/p>\n<p>&nbsp;<\/p>\n\n\t\t<style type=\"text\/css\">\n\t\t\t#gallery-2 {\n\t\t\t\tmargin: auto;\n\t\t\t}\n\t\t\t#gallery-2 .gallery-item {\n\t\t\t\tfloat: left;\n\t\t\t\tmargin-top: 10px;\n\t\t\t\ttext-align: center;\n\t\t\t\twidth: 50%;\n\t\t\t}\n\t\t\t#gallery-2 img {\n\t\t\t\tborder: 2px solid #cfcfcf;\n\t\t\t}\n\t\t\t#gallery-2 .gallery-caption {\n\t\t\t\tmargin-left: 0;\n\t\t\t}\n\t\t\t\/* see gallery_shortcode() in wp-includes\/media.php *\/\n\t\t<\/style>\n\t\t<div id='gallery-2' class='gallery galleryid-928 gallery-columns-2 gallery-size-thumbnail'><dl class='gallery-item'>\n\t\t\t<dt class='gallery-icon portrait'>\n\t\t\t\t<a href='https:\/\/www.stahleckerhof.de\/wordpress\/wp-content\/uploads\/2019\/01\/grillhuette-2018-01.jpg' title=\"\" data-rl_title=\"\" class=\"rl-gallery-link\" data-rl_caption=\"\" data-rel=\"lightbox-gallery-2\"><img loading=\"lazy\" decoding=\"async\" width=\"150\" height=\"150\" src=\"https:\/\/www.stahleckerhof.de\/wordpress\/wp-content\/uploads\/2019\/01\/grillhuette-2018-01-150x150.jpg\" class=\"attachment-thumbnail size-thumbnail\" alt=\"\" aria-describedby=\"gallery-2-1462\" \/><\/a>\n\t\t\t<\/dt>\n\t\t\t\t<dd class='wp-caption-text gallery-caption' id='gallery-2-1462'>\n\t\t\t\tView into the grill hut\n\t\t\t\t<\/dd><\/dl><dl class='gallery-item'>\n\t\t\t<dt class='gallery-icon portrait'>\n\t\t\t\t<a href='https:\/\/www.stahleckerhof.de\/wordpress\/wp-content\/uploads\/2019\/01\/grillhuette-2018-13.jpg' title=\"\" data-rl_title=\"\" class=\"rl-gallery-link\" data-rl_caption=\"\" data-rel=\"lightbox-gallery-2\"><img loading=\"lazy\" decoding=\"async\" width=\"150\" height=\"150\" src=\"https:\/\/www.stahleckerhof.de\/wordpress\/wp-content\/uploads\/2019\/01\/grillhuette-2018-13-150x150.jpg\" class=\"attachment-thumbnail size-thumbnail\" alt=\"\" aria-describedby=\"gallery-2-1463\" \/><\/a>\n\t\t\t<\/dt>\n\t\t\t\t<dd class='wp-caption-text gallery-caption' id='gallery-2-1463'>\n\t\t\t\tLet&#8217;s get started\n\t\t\t\t<\/dd><\/dl><br style=\"clear: both\" \/><dl class='gallery-item'>\n\t\t\t<dt class='gallery-icon landscape'>\n\t\t\t\t<a href='https:\/\/www.stahleckerhof.de\/wordpress\/wp-content\/uploads\/2019\/01\/grillhuette-2018-19.jpg' title=\"\" data-rl_title=\"\" class=\"rl-gallery-link\" data-rl_caption=\"\" data-rel=\"lightbox-gallery-2\"><img loading=\"lazy\" decoding=\"async\" width=\"150\" height=\"150\" src=\"https:\/\/www.stahleckerhof.de\/wordpress\/wp-content\/uploads\/2019\/01\/grillhuette-2018-19-150x150.jpg\" class=\"attachment-thumbnail size-thumbnail\" alt=\"\" aria-describedby=\"gallery-2-1464\" \/><\/a>\n\t\t\t<\/dt>\n\t\t\t\t<dd class='wp-caption-text gallery-caption' id='gallery-2-1464'>\n\t\t\t\tThe food is prepared\n\t\t\t\t<\/dd><\/dl><dl class='gallery-item'>\n\t\t\t<dt class='gallery-icon portrait'>\n\t\t\t\t<a href='https:\/\/www.stahleckerhof.de\/wordpress\/wp-content\/uploads\/2019\/01\/grillhuette-2018-21-1.jpg' title=\"\" data-rl_title=\"\" class=\"rl-gallery-link\" data-rl_caption=\"\" data-rel=\"lightbox-gallery-2\"><img loading=\"lazy\" decoding=\"async\" width=\"150\" height=\"150\" src=\"https:\/\/www.stahleckerhof.de\/wordpress\/wp-content\/uploads\/2019\/01\/grillhuette-2018-21-1-150x150.jpg\" class=\"attachment-thumbnail size-thumbnail\" alt=\"\" aria-describedby=\"gallery-2-1465\" \/><\/a>\n\t\t\t<\/dt>\n\t\t\t\t<dd class='wp-caption-text gallery-caption' id='gallery-2-1465'>\n\t\t\t\tSpace for great parties\n\t\t\t\t<\/dd><\/dl><br style=\"clear: both\" \/><dl class='gallery-item'>\n\t\t\t<dt class='gallery-icon landscape'>\n\t\t\t\t<a href='https:\/\/www.stahleckerhof.de\/wordpress\/wp-content\/uploads\/2015\/09\/grillhuette_party.jpg' title=\"\" data-rl_title=\"\" class=\"rl-gallery-link\" data-rl_caption=\"\" data-rel=\"lightbox-gallery-2\"><img loading=\"lazy\" decoding=\"async\" width=\"150\" height=\"150\" src=\"https:\/\/www.stahleckerhof.de\/wordpress\/wp-content\/uploads\/2015\/09\/grillhuette_party-150x150.jpg\" class=\"attachment-thumbnail size-thumbnail\" alt=\"\" aria-describedby=\"gallery-2-940\" \/><\/a>\n\t\t\t<\/dt>\n\t\t\t\t<dd class='wp-caption-text gallery-caption' id='gallery-2-940'>\n\t\t\t\tCelebrate in the grill hut\n\t\t\t\t<\/dd><\/dl><dl class='gallery-item'>\n\t\t\t<dt class='gallery-icon landscape'>\n\t\t\t\t<a href='https:\/\/www.stahleckerhof.de\/wordpress\/wp-content\/uploads\/2015\/09\/125_Grillhuette-Eingang.jpg' title=\"\" data-rl_title=\"\" class=\"rl-gallery-link\" data-rl_caption=\"\" data-rel=\"lightbox-gallery-2\"><img loading=\"lazy\" decoding=\"async\" width=\"150\" height=\"150\" src=\"https:\/\/www.stahleckerhof.de\/wordpress\/wp-content\/uploads\/2015\/09\/125_Grillhuette-Eingang-150x150.jpg\" class=\"attachment-thumbnail size-thumbnail\" alt=\"\" aria-describedby=\"gallery-2-942\" \/><\/a>\n\t\t\t<\/dt>\n\t\t\t\t<dd class='wp-caption-text gallery-caption' id='gallery-2-942'>\n\t\t\t\tEntrance of the grill hut\n\t\t\t\t<\/dd><\/dl><br style=\"clear: both\" \/><dl class='gallery-item'>\n\t\t\t<dt class='gallery-icon landscape'>\n\t\t\t\t<a href='https:\/\/www.stahleckerhof.de\/wordpress\/wp-content\/uploads\/2015\/09\/126_Grillhuette-mit-Vogelhaus.jpg' title=\"\" data-rl_title=\"\" class=\"rl-gallery-link\" data-rl_caption=\"\" data-rel=\"lightbox-gallery-2\"><img loading=\"lazy\" decoding=\"async\" width=\"150\" height=\"150\" src=\"https:\/\/www.stahleckerhof.de\/wordpress\/wp-content\/uploads\/2015\/09\/126_Grillhuette-mit-Vogelhaus-150x150.jpg\" class=\"attachment-thumbnail size-thumbnail\" alt=\"\" aria-describedby=\"gallery-2-941\" \/><\/a>\n\t\t\t<\/dt>\n\t\t\t\t<dd class='wp-caption-text gallery-caption' id='gallery-2-941'>\n\t\t\t\tGrill hut Stahlecker Hof\n\t\t\t\t<\/dd><\/dl><dl class='gallery-item'>\n\t\t\t<dt class='gallery-icon landscape'>\n\t\t\t\t<a href='https:\/\/www.stahleckerhof.de\/wordpress\/wp-content\/uploads\/2015\/09\/grillhuette_winter.jpg' title=\"\" data-rl_title=\"\" class=\"rl-gallery-link\" data-rl_caption=\"\" data-rel=\"lightbox-gallery-2\"><img loading=\"lazy\" decoding=\"async\" width=\"150\" height=\"150\" src=\"https:\/\/www.stahleckerhof.de\/wordpress\/wp-content\/uploads\/2015\/09\/grillhuette_winter-150x150.jpg\" class=\"attachment-thumbnail size-thumbnail\" alt=\"\" aria-describedby=\"gallery-2-965\" \/><\/a>\n\t\t\t<\/dt>\n\t\t\t\t<dd class='wp-caption-text gallery-caption' id='gallery-2-965'>\n\t\t\t\tBBQ in winter &#8230;\n\t\t\t\t<\/dd><\/dl><br style=\"clear: both\" \/>\n\t\t<\/div>\n\n<p>\n<\/p><\/div><\/div>","protected":false},"excerpt":{"rendered":"","protected":false},"author":1,"featured_media":0,"parent":0,"menu_order":0,"comment_status":"closed","ping_status":"closed","template":"","meta":{"footnotes":""},"class_list":["post-928","page","type-page","status-publish","hentry"],"yoast_head":"<!-- This site is optimized with the Yoast SEO plugin v26.6 - https:\/\/yoast.com\/wordpress\/plugins\/seo\/ -->\n<title>Stahlecker Hof Grillh\u00fctte | Grillen mit Freunden bei jedem Wetter<\/title>\n<meta name=\"description\" content=\"Grillh\u00fctte Stahlecker Hof | Die etwas andere M\u00f6glichkeit mit seinen Freunden zu feiern. Ideal f\u00fcr Geburtstags-, Familien- und Firmenfeiern.\" \/>\n<meta name=\"robots\" content=\"index, follow, max-snippet:-1, max-image-preview:large, max-video-preview:-1\" \/>\n<link rel=\"canonical\" href=\"https:\/\/www.stahleckerhof.de\/grillhuette\/\" \/>\n<meta property=\"og:locale\" content=\"en_US\" \/>\n<meta property=\"og:type\" content=\"article\" \/>\n<meta property=\"og:title\" content=\"[:de]Stahlecker Hof Grillh\u00fctte | Grillen mit Freunden bei jedem Wetter[:]\" \/>\n<meta property=\"og:description\" content=\"{:de}Grillh\u00fctte Stahlecker Hof | Die etwas andere M\u00f6glichkeit mit seinen Freunden zu feiern. Ideal f\u00fcr Geburtstags-, Familien- und Firmenfeiern.{:}\" \/>\n<meta property=\"og:url\" content=\"https:\/\/www.stahleckerhof.de\/grillhuette\/\" \/>\n<meta property=\"article:modified_time\" content=\"2026-01-23T14:06:35+00:00\" \/>\n<meta property=\"og:image\" content=\"https:\/\/www.stahleckerhof.de\/wordpress\/wp-content\/uploads\/2023\/07\/grillhuette-mieten.jpg\" \/>\n<meta name=\"twitter:card\" content=\"summary_large_image\" \/>\n<meta name=\"twitter:label1\" content=\"Est. reading time\" \/>\n\t<meta name=\"twitter:data1\" content=\"2 minutes\" \/>\n<script type=\"application\/ld+json\" class=\"yoast-schema-graph\">{\"@context\":\"https:\/\/schema.org\",\"@graph\":[{\"@type\":\"WebPage\",\"@id\":\"https:\/\/www.stahleckerhof.de\/grillhuette\/\",\"url\":\"https:\/\/www.stahleckerhof.de\/grillhuette\/\",\"name\":\"[:de]Stahlecker Hof Grillh\u00fctte | Grillen mit Freunden bei jedem Wetter[:]\",\"isPartOf\":{\"@id\":\"https:\/\/www.stahleckerhof.de\/#website\"},\"primaryImageOfPage\":{\"@id\":\"https:\/\/www.stahleckerhof.de\/grillhuette\/#primaryimage\"},\"image\":{\"@id\":\"https:\/\/www.stahleckerhof.de\/grillhuette\/#primaryimage\"},\"thumbnailUrl\":\"https:\/\/www.stahleckerhof.de\/wordpress\/wp-content\/uploads\/2023\/07\/grillhuette-mieten.jpg\",\"datePublished\":\"2015-09-02T09:42:36+00:00\",\"dateModified\":\"2026-01-23T14:06:35+00:00\",\"description\":\"{:de}Grillh\u00fctte Stahlecker Hof | Die etwas andere M\u00f6glichkeit mit seinen Freunden zu feiern. Ideal f\u00fcr Geburtstags-, Familien- und Firmenfeiern.{:}\",\"breadcrumb\":{\"@id\":\"https:\/\/www.stahleckerhof.de\/grillhuette\/#breadcrumb\"},\"inLanguage\":\"en-US\",\"potentialAction\":[{\"@type\":\"ReadAction\",\"target\":[\"https:\/\/www.stahleckerhof.de\/grillhuette\/\"]}]},{\"@type\":\"ImageObject\",\"inLanguage\":\"en-US\",\"@id\":\"https:\/\/www.stahleckerhof.de\/grillhuette\/#primaryimage\",\"url\":\"https:\/\/www.stahleckerhof.de\/wordpress\/wp-content\/uploads\/2023\/07\/grillhuette-mieten.jpg\",\"contentUrl\":\"https:\/\/www.stahleckerhof.de\/wordpress\/wp-content\/uploads\/2023\/07\/grillhuette-mieten.jpg\"},{\"@type\":\"BreadcrumbList\",\"@id\":\"https:\/\/www.stahleckerhof.de\/grillhuette\/#breadcrumb\",\"itemListElement\":[{\"@type\":\"ListItem\",\"position\":1,\"name\":\"Home\",\"item\":\"https:\/\/www.stahleckerhof.de\/\"},{\"@type\":\"ListItem\",\"position\":2,\"name\":\"Grillh\u00fctte &#8211; grillen mit Freunden bei jedem Wetter\"}]},{\"@type\":\"WebSite\",\"@id\":\"https:\/\/www.stahleckerhof.de\/#website\",\"url\":\"https:\/\/www.stahleckerhof.de\/\",\"name\":\"\",\"description\":\"\",\"potentialAction\":[{\"@type\":\"SearchAction\",\"target\":{\"@type\":\"EntryPoint\",\"urlTemplate\":\"https:\/\/www.stahleckerhof.de\/?s={search_term_string}\"},\"query-input\":{\"@type\":\"PropertyValueSpecification\",\"valueRequired\":true,\"valueName\":\"search_term_string\"}}],\"inLanguage\":\"en-US\"}]}<\/script>\n<!-- \/ Yoast SEO plugin. -->","yoast_head_json":{"title":"Stahlecker Hof Grillh\u00fctte | Grillen mit Freunden bei jedem Wetter","description":"Grillh\u00fctte Stahlecker Hof | Die etwas andere M\u00f6glichkeit mit seinen Freunden zu feiern. Ideal f\u00fcr Geburtstags-, Familien- und Firmenfeiern.","robots":{"index":"index","follow":"follow","max-snippet":"max-snippet:-1","max-image-preview":"max-image-preview:large","max-video-preview":"max-video-preview:-1"},"canonical":"https:\/\/www.stahleckerhof.de\/grillhuette\/","og_locale":"en_US","og_type":"article","og_title":"[:de]Stahlecker Hof Grillh\u00fctte | Grillen mit Freunden bei jedem Wetter[:]","og_description":"{:de}Grillh\u00fctte Stahlecker Hof | Die etwas andere M\u00f6glichkeit mit seinen Freunden zu feiern. Ideal f\u00fcr Geburtstags-, Familien- und Firmenfeiern.{:}","og_url":"https:\/\/www.stahleckerhof.de\/grillhuette\/","article_modified_time":"2026-01-23T14:06:35+00:00","og_image":[{"url":"https:\/\/www.stahleckerhof.de\/wordpress\/wp-content\/uploads\/2023\/07\/grillhuette-mieten.jpg","type":"","width":"","height":""}],"twitter_card":"summary_large_image","twitter_misc":{"Est. reading time":"2 minutes"},"schema":{"@context":"https:\/\/schema.org","@graph":[{"@type":"WebPage","@id":"https:\/\/www.stahleckerhof.de\/grillhuette\/","url":"https:\/\/www.stahleckerhof.de\/grillhuette\/","name":"[:de]Stahlecker Hof Grillh\u00fctte | Grillen mit Freunden bei jedem Wetter[:]","isPartOf":{"@id":"https:\/\/www.stahleckerhof.de\/#website"},"primaryImageOfPage":{"@id":"https:\/\/www.stahleckerhof.de\/grillhuette\/#primaryimage"},"image":{"@id":"https:\/\/www.stahleckerhof.de\/grillhuette\/#primaryimage"},"thumbnailUrl":"https:\/\/www.stahleckerhof.de\/wordpress\/wp-content\/uploads\/2023\/07\/grillhuette-mieten.jpg","datePublished":"2015-09-02T09:42:36+00:00","dateModified":"2026-01-23T14:06:35+00:00","description":"{:de}Grillh\u00fctte Stahlecker Hof | Die etwas andere M\u00f6glichkeit mit seinen Freunden zu feiern. Ideal f\u00fcr Geburtstags-, Familien- und Firmenfeiern.{:}","breadcrumb":{"@id":"https:\/\/www.stahleckerhof.de\/grillhuette\/#breadcrumb"},"inLanguage":"en-US","potentialAction":[{"@type":"ReadAction","target":["https:\/\/www.stahleckerhof.de\/grillhuette\/"]}]},{"@type":"ImageObject","inLanguage":"en-US","@id":"https:\/\/www.stahleckerhof.de\/grillhuette\/#primaryimage","url":"https:\/\/www.stahleckerhof.de\/wordpress\/wp-content\/uploads\/2023\/07\/grillhuette-mieten.jpg","contentUrl":"https:\/\/www.stahleckerhof.de\/wordpress\/wp-content\/uploads\/2023\/07\/grillhuette-mieten.jpg"},{"@type":"BreadcrumbList","@id":"https:\/\/www.stahleckerhof.de\/grillhuette\/#breadcrumb","itemListElement":[{"@type":"ListItem","position":1,"name":"Home","item":"https:\/\/www.stahleckerhof.de\/"},{"@type":"ListItem","position":2,"name":"Grillh\u00fctte &#8211; grillen mit Freunden bei jedem Wetter"}]},{"@type":"WebSite","@id":"https:\/\/www.stahleckerhof.de\/#website","url":"https:\/\/www.stahleckerhof.de\/","name":"","description":"","potentialAction":[{"@type":"SearchAction","target":{"@type":"EntryPoint","urlTemplate":"https:\/\/www.stahleckerhof.de\/?s={search_term_string}"},"query-input":{"@type":"PropertyValueSpecification","valueRequired":true,"valueName":"search_term_string"}}],"inLanguage":"en-US"}]}},"_links":{"self":[{"href":"https:\/\/www.stahleckerhof.de\/en\/wp-json\/wp\/v2\/pages\/928","targetHints":{"allow":["GET"]}}],"collection":[{"href":"https:\/\/www.stahleckerhof.de\/en\/wp-json\/wp\/v2\/pages"}],"about":[{"href":"https:\/\/www.stahleckerhof.de\/en\/wp-json\/wp\/v2\/types\/page"}],"author":[{"embeddable":true,"href":"https:\/\/www.stahleckerhof.de\/en\/wp-json\/wp\/v2\/users\/1"}],"replies":[{"embeddable":true,"href":"https:\/\/www.stahleckerhof.de\/en\/wp-json\/wp\/v2\/comments?post=928"}],"version-history":[{"count":5,"href":"https:\/\/www.stahleckerhof.de\/en\/wp-json\/wp\/v2\/pages\/928\/revisions"}],"predecessor-version":[{"id":3905,"href":"https:\/\/www.stahleckerhof.de\/en\/wp-json\/wp\/v2\/pages\/928\/revisions\/3905"}],"wp:attachment":[{"href":"https:\/\/www.stahleckerhof.de\/en\/wp-json\/wp\/v2\/media?parent=928"}],"curies":[{"name":"wp","href":"https:\/\/api.w.org\/{rel}","templated":true}]}}