{"id":985,"date":"2015-10-28T17:01:24","date_gmt":"2015-10-28T15:01:24","guid":{"rendered":"http:\/\/www.stahleckerhof.de\/?page_id=985"},"modified":"2026-01-07T10:42:53","modified_gmt":"2026-01-07T08:42:53","slug":"oeffnungszeiten","status":"publish","type":"page","link":"https:\/\/www.stahleckerhof.de\/en\/oeffnungszeiten\/","title":{"rendered":"Kitchen opening hours"},"content":{"rendered":"<div class=\"tx-row \">\n<div class=\"tx-column tx-column-size-\">\n<div>\n<p class=\"speisekarte\"><span class=\"opentime\">Restaurant:<\/p>\n<p><\/span><\/p>\n<p style=\"line-height: 1.5em;\"><strong>From 11am<br \/>\nThe restaurant closes approximately 1 hour after the kitchen closes<br \/>\nThe restaurant is closed on Tuesday and Wednesday<\/strong><\/p>\n<\/div>\n<p>&nbsp;<\/p>\n<div>\n<p class=\"speisekarte\"><span class=\"opentime\">Kitchen:<\/p>\n<p><\/span><\/p>\n<p style=\"line-height: 1.5em;\"><strong>Thursday, Friday, Sunday, and Monday from 11:30 a.m. to 8:00 p.m. +\/-<br \/>\nLast food orders at 7:45 p.m.! <br \/>\nSaturday 11:30 a.m. to 8:30 p.m. +\/-<\/strong><\/p>\n<\/div>\n<p>&nbsp;<\/p>\n<div>\n<p class=\"speisekarte\"><span class=\"opentime\"><span class=\"opentime\">Hotel:<\/p>\n<p><\/span><\/span><\/p>\n<p style=\"line-height: 1.5em;\"><strong>Book your room online here <a href=\"https:\/\/www.stahleckerhof.de\/gaestezimmer-online-buchen\/\" target=\"_blank\" rel=\"noopener\">room booking<\/a><br \/>\nCheck-in available 24 hours a day, 7 days a week <br \/>\nArrival outside of reception hours is possible via our key safe. <br \/>\nOnline bookings with same-day arrival are<br \/>\nonly possible <strong>until 8:00 PM!<\/strong> <\/strong><\/p>\n<\/div>\n<\/div>\n<\/div>\n<p>&nbsp;<\/p>\n\n\n<div class=\"tx-row \">\n<div class=\"tx-column tx-column-size-\">\n<div>\n<p class=\"speisekarte\"><span class=\"opentime\">Restaurant:<\/p>\n<p><\/span><\/p>\n<p style=\"line-height:1.5em\";\"font-size:12pt\">\n<strong>From 11am<br \/>\nThe restaurant closes approximately 1 hour after the kitchen closes<br \/>\nThe restaurant is closed on Tuesday and Wednesday<\/strong><\/p>\n<\/div>\n<p>&nbsp;<\/p>\n<div>\n<p class=\"speisekarte\"><span class=\"opentime\">Kitchen:<\/p>\n<p><\/span><\/p>\n<p style=\"line-height:1.5em\";\"font-size:12pt\">\n<strong>Thursday, Friday, Sunday, and Monday from 11:30 a.m. to 8:00 p.m. +\/-<br \/>\nLast food orders at 7:45 p.m.! <br \/>\nSaturday 11:30 a.m. to 8:30 p.m. +\/-<\/strong><\/p>\n<\/div>\n<p>&nbsp;<\/p>\n<div>\n<p class=\"speisekarte\"><span class=\"opentime\"><span class=\"opentime\">Hotel:<\/p>\n<p><\/span><\/p>\n<p style=\"line-height:1.5em\";\"font-size:12pt\">\n<strong>Book your room online here <a href=\"https:\/\/www.stahleckerhof.de\/gaestezimmer-online-buchen\/\" target=\"_blank\" rel=\"noopener\">room booking<\/a><br \/>\nCheck-in available 24 hours a day, 7 days a week <br \/>\nArrival outside of reception hours is possible via our key safe. <br \/>\nOnline bookings with same-day arrival are<br \/>only possible <strong>until 8:00 PM!<\/strong>\n<\/p>\n<\/div>\n<\/div>\n<\/div>\n<\/p>","protected":false},"excerpt":{"rendered":"<p>&nbsp;<\/p>\n","protected":false},"author":1,"featured_media":0,"parent":0,"menu_order":0,"comment_status":"closed","ping_status":"closed","template":"","meta":{"footnotes":""},"class_list":["post-985","page","type-page","status-publish","hentry"],"yoast_head":"<!-- This site is optimized with the Yoast SEO plugin v26.6 - https:\/\/yoast.com\/wordpress\/plugins\/seo\/ -->\n<title>Druchgehend warme K\u00fcche mit regionalen Spezialit\u00e4ten - Stahlecker Hof<\/title>\n<meta name=\"description\" content=\"Stahlecker Hof | Geniessen Sie in Ruhe regionale schw\u00e4bische Spezialit\u00e4ten zubereitet aus erlesenen Zutaten von der Schw\u00e4bischen Alb.\" \/>\n<meta name=\"robots\" content=\"index, follow, max-snippet:-1, max-image-preview:large, max-video-preview:-1\" \/>\n<link rel=\"canonical\" href=\"https:\/\/www.stahleckerhof.de\/oeffnungszeiten\/\" \/>\n<meta property=\"og:locale\" content=\"en_US\" \/>\n<meta property=\"og:type\" content=\"article\" \/>\n<meta property=\"og:title\" content=\"Druchgehend warme K\u00fcche mit regionalen Spezialit\u00e4ten - Stahlecker Hof\" \/>\n<meta property=\"og:description\" content=\"Stahlecker Hof | Geniessen Sie in Ruhe regionale schw\u00e4bische Spezialit\u00e4ten zubereitet aus erlesenen Zutaten von der Schw\u00e4bischen Alb.\" \/>\n<meta property=\"og:url\" content=\"https:\/\/www.stahleckerhof.de\/oeffnungszeiten\/\" \/>\n<meta property=\"article:modified_time\" content=\"2026-01-07T08:42:53+00:00\" \/>\n<meta name=\"twitter:card\" content=\"summary_large_image\" \/>\n<meta name=\"twitter:label1\" content=\"Est. reading time\" \/>\n\t<meta name=\"twitter:data1\" content=\"2 minutes\" \/>\n<script type=\"application\/ld+json\" class=\"yoast-schema-graph\">{\"@context\":\"https:\/\/schema.org\",\"@graph\":[{\"@type\":\"WebPage\",\"@id\":\"https:\/\/www.stahleckerhof.de\/oeffnungszeiten\/\",\"url\":\"https:\/\/www.stahleckerhof.de\/oeffnungszeiten\/\",\"name\":\"Druchgehend warme K\u00fcche mit regionalen Spezialit\u00e4ten - Stahlecker Hof\",\"isPartOf\":{\"@id\":\"https:\/\/www.stahleckerhof.de\/#website\"},\"datePublished\":\"2015-10-28T15:01:24+00:00\",\"dateModified\":\"2026-01-07T08:42:53+00:00\",\"description\":\"Stahlecker Hof | Geniessen Sie in Ruhe regionale schw\u00e4bische Spezialit\u00e4ten zubereitet aus erlesenen Zutaten von der Schw\u00e4bischen Alb.\",\"breadcrumb\":{\"@id\":\"https:\/\/www.stahleckerhof.de\/oeffnungszeiten\/#breadcrumb\"},\"inLanguage\":\"en-US\",\"potentialAction\":[{\"@type\":\"ReadAction\",\"target\":[\"https:\/\/www.stahleckerhof.de\/oeffnungszeiten\/\"]}]},{\"@type\":\"BreadcrumbList\",\"@id\":\"https:\/\/www.stahleckerhof.de\/oeffnungszeiten\/#breadcrumb\",\"itemListElement\":[{\"@type\":\"ListItem\",\"position\":1,\"name\":\"Home\",\"item\":\"https:\/\/www.stahleckerhof.de\/\"},{\"@type\":\"ListItem\",\"position\":2,\"name\":\"K\u00fcchen-\u00d6ffnungszeiten\"}]},{\"@type\":\"WebSite\",\"@id\":\"https:\/\/www.stahleckerhof.de\/#website\",\"url\":\"https:\/\/www.stahleckerhof.de\/\",\"name\":\"\",\"description\":\"\",\"potentialAction\":[{\"@type\":\"SearchAction\",\"target\":{\"@type\":\"EntryPoint\",\"urlTemplate\":\"https:\/\/www.stahleckerhof.de\/?s={search_term_string}\"},\"query-input\":{\"@type\":\"PropertyValueSpecification\",\"valueRequired\":true,\"valueName\":\"search_term_string\"}}],\"inLanguage\":\"en-US\"}]}<\/script>\n<!-- \/ Yoast SEO plugin. -->","yoast_head_json":{"title":"Druchgehend warme K\u00fcche mit regionalen Spezialit\u00e4ten - Stahlecker Hof","description":"Stahlecker Hof | Geniessen Sie in Ruhe regionale schw\u00e4bische Spezialit\u00e4ten zubereitet aus erlesenen Zutaten von der Schw\u00e4bischen Alb.","robots":{"index":"index","follow":"follow","max-snippet":"max-snippet:-1","max-image-preview":"max-image-preview:large","max-video-preview":"max-video-preview:-1"},"canonical":"https:\/\/www.stahleckerhof.de\/oeffnungszeiten\/","og_locale":"en_US","og_type":"article","og_title":"Druchgehend warme K\u00fcche mit regionalen Spezialit\u00e4ten - Stahlecker Hof","og_description":"Stahlecker Hof | Geniessen Sie in Ruhe regionale schw\u00e4bische Spezialit\u00e4ten zubereitet aus erlesenen Zutaten von der Schw\u00e4bischen Alb.","og_url":"https:\/\/www.stahleckerhof.de\/oeffnungszeiten\/","article_modified_time":"2026-01-07T08:42:53+00:00","twitter_card":"summary_large_image","twitter_misc":{"Est. reading time":"2 minutes"},"schema":{"@context":"https:\/\/schema.org","@graph":[{"@type":"WebPage","@id":"https:\/\/www.stahleckerhof.de\/oeffnungszeiten\/","url":"https:\/\/www.stahleckerhof.de\/oeffnungszeiten\/","name":"Druchgehend warme K\u00fcche mit regionalen Spezialit\u00e4ten - Stahlecker Hof","isPartOf":{"@id":"https:\/\/www.stahleckerhof.de\/#website"},"datePublished":"2015-10-28T15:01:24+00:00","dateModified":"2026-01-07T08:42:53+00:00","description":"Stahlecker Hof | Geniessen Sie in Ruhe regionale schw\u00e4bische Spezialit\u00e4ten zubereitet aus erlesenen Zutaten von der Schw\u00e4bischen Alb.","breadcrumb":{"@id":"https:\/\/www.stahleckerhof.de\/oeffnungszeiten\/#breadcrumb"},"inLanguage":"en-US","potentialAction":[{"@type":"ReadAction","target":["https:\/\/www.stahleckerhof.de\/oeffnungszeiten\/"]}]},{"@type":"BreadcrumbList","@id":"https:\/\/www.stahleckerhof.de\/oeffnungszeiten\/#breadcrumb","itemListElement":[{"@type":"ListItem","position":1,"name":"Home","item":"https:\/\/www.stahleckerhof.de\/"},{"@type":"ListItem","position":2,"name":"K\u00fcchen-\u00d6ffnungszeiten"}]},{"@type":"WebSite","@id":"https:\/\/www.stahleckerhof.de\/#website","url":"https:\/\/www.stahleckerhof.de\/","name":"","description":"","potentialAction":[{"@type":"SearchAction","target":{"@type":"EntryPoint","urlTemplate":"https:\/\/www.stahleckerhof.de\/?s={search_term_string}"},"query-input":{"@type":"PropertyValueSpecification","valueRequired":true,"valueName":"search_term_string"}}],"inLanguage":"en-US"}]}},"_links":{"self":[{"href":"https:\/\/www.stahleckerhof.de\/en\/wp-json\/wp\/v2\/pages\/985","targetHints":{"allow":["GET"]}}],"collection":[{"href":"https:\/\/www.stahleckerhof.de\/en\/wp-json\/wp\/v2\/pages"}],"about":[{"href":"https:\/\/www.stahleckerhof.de\/en\/wp-json\/wp\/v2\/types\/page"}],"author":[{"embeddable":true,"href":"https:\/\/www.stahleckerhof.de\/en\/wp-json\/wp\/v2\/users\/1"}],"replies":[{"embeddable":true,"href":"https:\/\/www.stahleckerhof.de\/en\/wp-json\/wp\/v2\/comments?post=985"}],"version-history":[{"count":48,"href":"https:\/\/www.stahleckerhof.de\/en\/wp-json\/wp\/v2\/pages\/985\/revisions"}],"predecessor-version":[{"id":3884,"href":"https:\/\/www.stahleckerhof.de\/en\/wp-json\/wp\/v2\/pages\/985\/revisions\/3884"}],"wp:attachment":[{"href":"https:\/\/www.stahleckerhof.de\/en\/wp-json\/wp\/v2\/media?parent=985"}],"curies":[{"name":"wp","href":"https:\/\/api.w.org\/{rel}","templated":true}]}}